{"id":157,"date":"2022-01-21T17:24:41","date_gmt":"2022-01-21T16:24:41","guid":{"rendered":"http:\/\/wascon.pl\/?page_id=157"},"modified":"2022-02-15T18:19:04","modified_gmt":"2022-02-15T17:19:04","slug":"projekty-robotyczne","status":"publish","type":"page","link":"http:\/\/wascon.pl\/?page_id=157","title":{"rendered":"Projekty Robotyczne"},"content":{"rendered":"\t\t<div data-elementor-type=\"wp-page\" data-elementor-id=\"157\" class=\"elementor elementor-157\" data-elementor-settings=\"[]\">\n\t\t\t\t\t\t\t<div class=\"elementor-section-wrap\">\n\t\t\t\t\t\t\t<section class=\"elementor-section elementor-top-section elementor-element elementor-element-ad43a50 elementor-section-boxed elementor-section-height-default elementor-section-height-default\" data-id=\"ad43a50\" data-element_type=\"section\">\n\t\t\t\t\t\t<div class=\"elementor-container elementor-column-gap-default\">\n\t\t\t\t\t<div class=\"elementor-column elementor-col-100 elementor-top-column elementor-element elementor-element-01464af\" data-id=\"01464af\" data-element_type=\"column\">\n\t\t\t<div class=\"elementor-widget-wrap elementor-element-populated\">\n\t\t\t\t\t\t\t\t<div class=\"elementor-element elementor-element-55c3893 elementor-widget elementor-widget-text-editor\" data-id=\"55c3893\" data-element_type=\"widget\" data-widget_type=\"text-editor.default\">\n\t\t\t\t<div class=\"elementor-widget-container\">\n\t\t\t<style>\/*! elementor - v3.5.3 - 28-12-2021 *\/\n.elementor-widget-text-editor.elementor-drop-cap-view-stacked .elementor-drop-cap{background-color:#818a91;color:#fff}.elementor-widget-text-editor.elementor-drop-cap-view-framed .elementor-drop-cap{color:#818a91;border:3px solid;background-color:transparent}.elementor-widget-text-editor:not(.elementor-drop-cap-view-default) .elementor-drop-cap{margin-top:8px}.elementor-widget-text-editor:not(.elementor-drop-cap-view-default) .elementor-drop-cap-letter{width:1em;height:1em}.elementor-widget-text-editor .elementor-drop-cap{float:left;text-align:center;line-height:1;font-size:50px}.elementor-widget-text-editor .elementor-drop-cap-letter{display:inline-block}<\/style>\t\t\t\t<h2>Projekty Robotyczne<\/h2>\t\t\t\t\t\t<\/div>\n\t\t\t\t<\/div>\n\t\t\t\t<div class=\"elementor-element elementor-element-f18291b elementor-widget elementor-widget-text-editor\" data-id=\"f18291b\" data-element_type=\"widget\" data-widget_type=\"text-editor.default\">\n\t\t\t\t<div class=\"elementor-widget-container\">\n\t\t\t\t\t\t\t<p>Projekty robotyczne stanowi\u0105 jeden z g\u0142\u00f3wnych obszar\u00f3w zainteresowa\u0144 naszej firmy. Od ponad 10 nieustannie kszta\u0142cimy si\u0119 w temacie robotyzacji. Wsp\u00f3\u0142pracujemy z klientami ko\u0144cowymi w zakresie projektowania i uruchamiania kompleksowych instalacji robotycznych. Wsp\u00f3\u0142pracujemy tak\u017ce z systemintegratorami w zakresie wsparcia programistycznego lub zaawansowanej konstrukcji chwytaka robota. Na robotyzacj\u0119 patrzymy szeroko i z u\u015bmiechem widz\u0105c jak bardzo si\u0119 rozwija w ostatnich latach.<\/p><p>Zapraszamy do wsp\u00f3\u0142pracy w zakresie us\u0142ug wymienionych poni\u017cej.<\/p>\t\t\t\t\t\t<\/div>\n\t\t\t\t<\/div>\n\t\t\t\t\t<\/div>\n\t\t<\/div>\n\t\t\t\t\t\t\t<\/div>\n\t\t<\/section>\n\t\t\t\t<section class=\"elementor-section elementor-top-section elementor-element elementor-element-7bb0687 elementor-section-boxed elementor-section-height-default elementor-section-height-default\" data-id=\"7bb0687\" data-element_type=\"section\">\n\t\t\t\t\t\t<div class=\"elementor-container elementor-column-gap-default\">\n\t\t\t\t\t<div class=\"elementor-column elementor-col-100 elementor-top-column elementor-element elementor-element-1ba4999\" data-id=\"1ba4999\" data-element_type=\"column\">\n\t\t\t<div class=\"elementor-widget-wrap elementor-element-populated\">\n\t\t\t\t\t\t\t\t<section class=\"elementor-section elementor-inner-section elementor-element elementor-element-da00ab0 elementor-section-boxed elementor-section-height-default elementor-section-height-default\" data-id=\"da00ab0\" data-element_type=\"section\">\n\t\t\t\t\t\t<div class=\"elementor-container elementor-column-gap-default\">\n\t\t\t\t\t<div class=\"elementor-column elementor-col-100 elementor-inner-column elementor-element elementor-element-a9652ff\" data-id=\"a9652ff\" data-element_type=\"column\">\n\t\t\t<div class=\"elementor-widget-wrap elementor-element-populated\">\n\t\t\t\t\t\t\t\t<div class=\"elementor-element elementor-element-9e99dfc elementor-widget elementor-widget-text-editor\" data-id=\"9e99dfc\" data-element_type=\"widget\" data-widget_type=\"text-editor.default\">\n\t\t\t\t<div class=\"elementor-widget-container\">\n\t\t\t\t\t\t\t<h5>Kompleksowe Projekty Robotyczne<\/h5><p>Do ka\u017cdej aplikacji w kt\u00f3rej mo\u017ce pojawi\u0107 si\u0119 jeden robot przemys\u0142owy lub wi\u0119cej podchodzimy indywidualnie. Przechodzimy wsp\u00f3lnie z klientem kolejne kroki celem uruchomienia docelowego projektu. Projektujemy i uruchamiamy stanowiska robotyczne kompleksowo niezale\u017cnie od bran\u017cy i przeznaczenia.<\/p><ol><li>Przygotowanie wst\u0119pnej koncepcji oraz layoutu stanowiska<\/li><li>Symulacja aplikacji w programach 3D<\/li><li>Projektowanie zgodnie z za\u0142o\u017ceniami<\/li><li>Prefabrykacja szaf sterowniczych oraz monta\u017c mechaniczny<\/li><li>Instalacja na obiekcie docelowym<\/li><li>Uruchomienie ko\u0144cowe<\/li><\/ol>\t\t\t\t\t\t<\/div>\n\t\t\t\t<\/div>\n\t\t\t\t\t<\/div>\n\t\t<\/div>\n\t\t\t\t\t\t\t<\/div>\n\t\t<\/section>\n\t\t\t\t\t<\/div>\n\t\t<\/div>\n\t\t\t\t\t\t\t<\/div>\n\t\t<\/section>\n\t\t\t\t<section class=\"elementor-section elementor-top-section elementor-element elementor-element-bf95e93 elementor-section-boxed elementor-section-height-default elementor-section-height-default\" data-id=\"bf95e93\" data-element_type=\"section\">\n\t\t\t\t\t\t<div class=\"elementor-container elementor-column-gap-default\">\n\t\t\t\t\t<div class=\"elementor-column elementor-col-100 elementor-top-column elementor-element elementor-element-2b6eb5a\" data-id=\"2b6eb5a\" data-element_type=\"column\">\n\t\t\t<div class=\"elementor-widget-wrap elementor-element-populated\">\n\t\t\t\t\t\t\t\t<section class=\"elementor-section elementor-inner-section elementor-element elementor-element-f7d36ac elementor-section-boxed elementor-section-height-default elementor-section-height-default\" data-id=\"f7d36ac\" data-element_type=\"section\">\n\t\t\t\t\t\t<div class=\"elementor-container elementor-column-gap-default\">\n\t\t\t\t\t<div class=\"elementor-column elementor-col-50 elementor-inner-column elementor-element elementor-element-629e1b9\" data-id=\"629e1b9\" data-element_type=\"column\">\n\t\t\t<div class=\"elementor-widget-wrap elementor-element-populated\">\n\t\t\t\t\t\t\t\t<div class=\"elementor-element elementor-element-c3d5db4 elementor-widget elementor-widget-text-editor\" data-id=\"c3d5db4\" data-element_type=\"widget\" data-widget_type=\"text-editor.default\">\n\t\t\t\t<div class=\"elementor-widget-container\">\n\t\t\t\t\t\t\t<h5>Programowanie Robot\u00f3w<\/h5><p>Programy robot\u00f3w s\u0105 przez nas pisane w opracowanym standardzie, kt\u00f3ry jest efektem wieloletniej pracy z projektami realizowanymi na r\u00f3\u017cnych markach robot\u00f3w. Jeste\u015bmy w stanie zaprogramowa\u0107 robota kompleksowo czyli wszystkie dodatkowe peryferia, kt\u00f3re s\u0105 zwi\u0105zane z robotem takie jak:<\/p><ol><li>Rozbudowane systemy narz\u0119dziowe robota<\/li><li>Komponenty wymiany narz\u0119dzi<\/li><li>Transportery b\u0119d\u0105ce po\u0142\u0105czeniem funkcji trackingu<\/li><li>\u00a0Przygotowanie struktury sterowania z wizualizacj\u0105 po stronie sterownika PLC oraz panelu HMI<\/li><\/ol><p>Podczas programowania anga\u017cujemy si\u0119 w proces produkcyjny wskazuj\u0105c na ewentualne modyfikacje element\u00f3w konstrukcyjnych oraz nowoczesne rozwi\u0105zania stosowane w robotyce.<\/p>\t\t\t\t\t\t<\/div>\n\t\t\t\t<\/div>\n\t\t\t\t\t<\/div>\n\t\t<\/div>\n\t\t\t\t<div class=\"elementor-column elementor-col-50 elementor-inner-column elementor-element elementor-element-0d77eac\" data-id=\"0d77eac\" data-element_type=\"column\">\n\t\t\t<div class=\"elementor-widget-wrap elementor-element-populated\">\n\t\t\t\t\t\t\t\t<div class=\"elementor-element elementor-element-e7bf86c elementor-widget elementor-widget-image\" data-id=\"e7bf86c\" data-element_type=\"widget\" data-widget_type=\"image.default\">\n\t\t\t\t<div class=\"elementor-widget-container\">\n\t\t\t<style>\/*! elementor - v3.5.3 - 28-12-2021 *\/\n.elementor-widget-image{text-align:center}.elementor-widget-image a{display:inline-block}.elementor-widget-image a img[src$=\".svg\"]{width:48px}.elementor-widget-image img{vertical-align:middle;display:inline-block}<\/style>\t\t\t\t\t\t\t\t\t<figure class=\"wp-caption\">\n\t\t\t\t\t\t\t\t\t\t<img loading=\"lazy\" decoding=\"async\" width=\"525\" height=\"567\" src=\"http:\/\/wascon.pl\/wp-content\/uploads\/2022\/02\/Kod-robotyka-1.jpg\" class=\"attachment-medium_large size-medium_large\" alt=\"\" srcset=\"http:\/\/wascon.pl\/wp-content\/uploads\/2022\/02\/Kod-robotyka-1.jpg 549w, http:\/\/wascon.pl\/wp-content\/uploads\/2022\/02\/Kod-robotyka-1-278x300.jpg 278w\" sizes=\"auto, (max-width: 525px) 100vw, 525px\" \/>\t\t\t\t\t\t\t\t\t\t\t<figcaption class=\"widget-image-caption wp-caption-text\">Przyk\u0142adowy kod programu<\/figcaption>\n\t\t\t\t\t\t\t\t\t\t<\/figure>\n\t\t\t\t\t\t\t\t\t<\/div>\n\t\t\t\t<\/div>\n\t\t\t\t\t<\/div>\n\t\t<\/div>\n\t\t\t\t\t\t\t<\/div>\n\t\t<\/section>\n\t\t\t\t\t<\/div>\n\t\t<\/div>\n\t\t\t\t\t\t\t<\/div>\n\t\t<\/section>\n\t\t\t\t<section class=\"elementor-section elementor-top-section elementor-element elementor-element-66f8f2c elementor-section-boxed elementor-section-height-default elementor-section-height-default\" data-id=\"66f8f2c\" data-element_type=\"section\">\n\t\t\t\t\t\t<div class=\"elementor-container elementor-column-gap-default\">\n\t\t\t\t\t<div class=\"elementor-column elementor-col-100 elementor-top-column elementor-element elementor-element-5b4185d\" data-id=\"5b4185d\" data-element_type=\"column\">\n\t\t\t<div class=\"elementor-widget-wrap elementor-element-populated\">\n\t\t\t\t\t\t\t\t<section class=\"elementor-section elementor-inner-section elementor-element elementor-element-9d8339b elementor-section-boxed elementor-section-height-default elementor-section-height-default\" data-id=\"9d8339b\" data-element_type=\"section\">\n\t\t\t\t\t\t<div class=\"elementor-container elementor-column-gap-default\">\n\t\t\t\t\t<div class=\"elementor-column elementor-col-50 elementor-inner-column elementor-element elementor-element-3496b89\" data-id=\"3496b89\" data-element_type=\"column\">\n\t\t\t<div class=\"elementor-widget-wrap elementor-element-populated\">\n\t\t\t\t\t\t\t\t<div class=\"elementor-element elementor-element-357c310 elementor-widget elementor-widget-text-editor\" data-id=\"357c310\" data-element_type=\"widget\" data-widget_type=\"text-editor.default\">\n\t\t\t\t<div class=\"elementor-widget-container\">\n\t\t\t\t\t\t\t<h5>Konstrukcja Gripper\u00f3w<\/h5><p>Prawid\u0142owa konstrukcja narz\u0119dzia robota jest jednym z najwa\u017cniejszych etap\u00f3w w ca\u0142ym projekcie robotycznym. Tylko przemy\u015blane, ergonomiczne i niezawodne koncepcje dadz\u0105 oczekiwane efekty w postaci d\u0142ugiej \u017cywotno\u015bci robota, optymalnych czas\u00f3w cyklu oraz powtarzalno\u015bci procesu.<\/p><p>Ka\u017cde z naszych narz\u0119dzi jest rozpatrywane i sprawdzane w symulacjach nie tylko program\u00f3w konstrukcyjnych ale i r\u00f3wnie\u017c w symulatorach robotycznych. Praca z projektami robotycznymi nauczy\u0142a nas, \u017ce na etapie uruchamiania projekt\u00f3w robotycznych prototypowych mo\u017ce doj\u015b\u0107 do pewnych zmian w konstrukcji narz\u0119dzia, podczas konstruowania stosujemy praktyki umo\u017cliwiaj\u0105ce \u0142atwe i szybkie modyfikowanie narz\u0119dzia na dalszym etapie.<\/p>\t\t\t\t\t\t<\/div>\n\t\t\t\t<\/div>\n\t\t\t\t\t<\/div>\n\t\t<\/div>\n\t\t\t\t<div class=\"elementor-column elementor-col-50 elementor-inner-column elementor-element elementor-element-1320134\" data-id=\"1320134\" data-element_type=\"column\">\n\t\t\t<div class=\"elementor-widget-wrap elementor-element-populated\">\n\t\t\t\t\t\t\t\t<div class=\"elementor-element elementor-element-61cd4a4 elementor-widget elementor-widget-image\" data-id=\"61cd4a4\" data-element_type=\"widget\" data-widget_type=\"image.default\">\n\t\t\t\t<div class=\"elementor-widget-container\">\n\t\t\t\t\t\t\t\t\t\t\t\t<figure class=\"wp-caption\">\n\t\t\t\t\t\t\t\t\t\t<img loading=\"lazy\" decoding=\"async\" width=\"509\" height=\"426\" src=\"http:\/\/wascon.pl\/wp-content\/uploads\/2022\/02\/Narzedzia-robota.jpg\" class=\"attachment-medium_large size-medium_large\" alt=\"\" srcset=\"http:\/\/wascon.pl\/wp-content\/uploads\/2022\/02\/Narzedzia-robota.jpg 509w, http:\/\/wascon.pl\/wp-content\/uploads\/2022\/02\/Narzedzia-robota-300x251.jpg 300w\" sizes=\"auto, (max-width: 509px) 100vw, 509px\" \/>\t\t\t\t\t\t\t\t\t\t\t<figcaption class=\"widget-image-caption wp-caption-text\">Przyk\u0142adowa konstrukcja chwytaka<\/figcaption>\n\t\t\t\t\t\t\t\t\t\t<\/figure>\n\t\t\t\t\t\t\t\t\t<\/div>\n\t\t\t\t<\/div>\n\t\t\t\t\t<\/div>\n\t\t<\/div>\n\t\t\t\t\t\t\t<\/div>\n\t\t<\/section>\n\t\t\t\t\t<\/div>\n\t\t<\/div>\n\t\t\t\t\t\t\t<\/div>\n\t\t<\/section>\n\t\t\t\t<section class=\"elementor-section elementor-top-section elementor-element elementor-element-9bc6026 elementor-section-boxed elementor-section-height-default elementor-section-height-default\" data-id=\"9bc6026\" data-element_type=\"section\">\n\t\t\t\t\t\t<div class=\"elementor-container elementor-column-gap-default\">\n\t\t\t\t\t<div class=\"elementor-column elementor-col-100 elementor-top-column elementor-element elementor-element-3661ca7\" data-id=\"3661ca7\" data-element_type=\"column\">\n\t\t\t<div class=\"elementor-widget-wrap elementor-element-populated\">\n\t\t\t\t\t\t\t\t<section class=\"elementor-section elementor-inner-section elementor-element elementor-element-51c22db elementor-section-boxed elementor-section-height-default elementor-section-height-default\" data-id=\"51c22db\" data-element_type=\"section\">\n\t\t\t\t\t\t<div class=\"elementor-container elementor-column-gap-default\">\n\t\t\t\t\t<div class=\"elementor-column elementor-col-50 elementor-inner-column elementor-element elementor-element-9720717\" data-id=\"9720717\" data-element_type=\"column\">\n\t\t\t<div class=\"elementor-widget-wrap elementor-element-populated\">\n\t\t\t\t\t\t\t\t<div class=\"elementor-element elementor-element-16d4987 elementor-widget elementor-widget-text-editor\" data-id=\"16d4987\" data-element_type=\"widget\" data-widget_type=\"text-editor.default\">\n\t\t\t\t<div class=\"elementor-widget-container\">\n\t\t\t\t\t\t\t<h5>Symulacje Robotyczne<\/h5><p>Ka\u017cdy projekt robotyczny zaczyna si\u0119 od symulacji. Istot\u0105 symulacji jest sprawdzenie czy robot przemys\u0142owy, kt\u00f3ry zosta\u0142 wst\u0119pnie dobrany spe\u0142nia oczekiwania w zakresie wysi\u0119gu, przeci\u0105\u017calno\u015bci oraz czasu cyklu. Kolejnym bardzo wa\u017cnym elementem symulacji robotycznej jest precyzyjne wyznaczenie gabaryt\u00f3w instalacji robotycznej. Dok\u0142adnie wykonana symulacja robotyczna mo\u017ce zasadniczo skr\u00f3ci\u0107 czas uruchomienia w zwi\u0105zku z wygenerowaniem gotowego kodu programu, kt\u00f3ry nast\u0119pnie b\u0119dzie wgrywany do robota.<\/p><p>Symulacja robotyczna stanowi nieroz\u0142\u0105czny element naszej oferty, dot. realizacji kompleksowych instalacji robotycznych. Oferujemy Pa\u0144stwu r\u00f3wnie\u017c wykonanie symulacji robotycznej w celu weryfikacji za\u0142o\u017ce\u0144 projektowych a tym samym zaoszcz\u0119dzenie \u015brodk\u00f3w finansowych je\u017celi za\u0142o\u017cenia te by\u0142y b\u0142\u0119dne.<\/p>\t\t\t\t\t\t<\/div>\n\t\t\t\t<\/div>\n\t\t\t\t\t<\/div>\n\t\t<\/div>\n\t\t\t\t<div class=\"elementor-column elementor-col-50 elementor-inner-column elementor-element elementor-element-3fd3698\" data-id=\"3fd3698\" data-element_type=\"column\">\n\t\t\t<div class=\"elementor-widget-wrap elementor-element-populated\">\n\t\t\t\t\t\t\t\t<div class=\"elementor-element elementor-element-6a162d1 elementor-widget elementor-widget-image\" data-id=\"6a162d1\" data-element_type=\"widget\" data-widget_type=\"image.default\">\n\t\t\t\t<div class=\"elementor-widget-container\">\n\t\t\t\t\t\t\t\t\t\t\t\t<figure class=\"wp-caption\">\n\t\t\t\t\t\t\t\t\t\t<img loading=\"lazy\" decoding=\"async\" width=\"525\" height=\"439\" src=\"http:\/\/wascon.pl\/wp-content\/uploads\/2022\/02\/zdjecie_paletyzacja.jpg\" class=\"attachment-large size-large\" alt=\"\" srcset=\"http:\/\/wascon.pl\/wp-content\/uploads\/2022\/02\/zdjecie_paletyzacja.jpg 632w, http:\/\/wascon.pl\/wp-content\/uploads\/2022\/02\/zdjecie_paletyzacja-300x251.jpg 300w\" sizes=\"auto, (max-width: 525px) 100vw, 525px\" \/>\t\t\t\t\t\t\t\t\t\t\t<figcaption class=\"widget-image-caption wp-caption-text\">Przyk\u0142adowy model 3D projektu paletyzacji<\/figcaption>\n\t\t\t\t\t\t\t\t\t\t<\/figure>\n\t\t\t\t\t\t\t\t\t<\/div>\n\t\t\t\t<\/div>\n\t\t\t\t\t<\/div>\n\t\t<\/div>\n\t\t\t\t\t\t\t<\/div>\n\t\t<\/section>\n\t\t\t\t\t<\/div>\n\t\t<\/div>\n\t\t\t\t\t\t\t<\/div>\n\t\t<\/section>\n\t\t\t\t\t\t<\/div>\n\t\t\t\t\t<\/div>\n\t\t","protected":false},"excerpt":{"rendered":"<p>Projekty RobotyczneProjekty robotyczne stanowi\u0105 jeden z g\u0142\u00f3wnych obszar\u00f3w zainteresowa\u0144 naszej firmy. Od ponad 10 nieustannie kszta\u0142cimy si\u0119 w temacie robotyzacji. Wsp\u00f3\u0142pracujemy z klientami ko\u0144cowymi w zakresie projektowania i uruchamiania kompleksowych instalacji robotycznych. Wsp\u00f3\u0142pracujemy tak\u017ce z systemintegratorami w zakresie wsparcia programistycznego lub zaawansowanej konstrukcji chwytaka robota. Na robotyzacj\u0119 patrzymy szeroko i z u\u015bmiechem widz\u0105c jak bardzo [&hellip;]<\/p>\n","protected":false},"author":1,"featured_media":0,"parent":0,"menu_order":0,"comment_status":"closed","ping_status":"closed","template":"","meta":{"_mi_skip_tracking":false,"footnotes":""},"class_list":["post-157","page","type-page","status-publish","hentry"],"acf":[],"yoast_head":"<!-- This site is optimized with the Yoast SEO plugin v17.9 - https:\/\/yoast.com\/wordpress\/plugins\/seo\/ -->\n<title>Projekty Robotyczne - WASCON<\/title>\n<meta name=\"robots\" content=\"index, follow, max-snippet:-1, max-image-preview:large, max-video-preview:-1\" \/>\n<link rel=\"canonical\" href=\"http:\/\/wascon.pl\/?page_id=157\" \/>\n<meta property=\"og:locale\" content=\"pl_PL\" \/>\n<meta property=\"og:type\" content=\"article\" \/>\n<meta property=\"og:title\" content=\"Projekty Robotyczne - WASCON\" \/>\n<meta property=\"og:description\" content=\"Projekty RobotyczneProjekty robotyczne stanowi\u0105 jeden z g\u0142\u00f3wnych obszar\u00f3w zainteresowa\u0144 naszej firmy. Od ponad 10 nieustannie kszta\u0142cimy si\u0119 w temacie robotyzacji. Wsp\u00f3\u0142pracujemy z klientami ko\u0144cowymi w zakresie projektowania i uruchamiania kompleksowych instalacji robotycznych. Wsp\u00f3\u0142pracujemy tak\u017ce z systemintegratorami w zakresie wsparcia programistycznego lub zaawansowanej konstrukcji chwytaka robota. Na robotyzacj\u0119 patrzymy szeroko i z u\u015bmiechem widz\u0105c jak bardzo [&hellip;]\" \/>\n<meta property=\"og:url\" content=\"http:\/\/wascon.pl\/?page_id=157\" \/>\n<meta property=\"og:site_name\" content=\"WASCON\" \/>\n<meta property=\"article:modified_time\" content=\"2022-02-15T17:19:04+00:00\" \/>\n<meta property=\"og:image\" content=\"http:\/\/wascon.pl\/wp-content\/uploads\/2022\/02\/Kod-robotyka-1.jpg\" \/>\n<meta name=\"twitter:card\" content=\"summary_large_image\" \/>\n<meta name=\"twitter:label1\" content=\"Szacowany czas czytania\" \/>\n\t<meta name=\"twitter:data1\" content=\"4 minuty\" \/>\n<script type=\"application\/ld+json\" class=\"yoast-schema-graph\">{\"@context\":\"https:\/\/schema.org\",\"@graph\":[{\"@type\":\"WebSite\",\"@id\":\"http:\/\/wascon.pl\/#website\",\"url\":\"http:\/\/wascon.pl\/\",\"name\":\"WASCON\",\"description\":\"Automatyka Przemyslowa\",\"potentialAction\":[{\"@type\":\"SearchAction\",\"target\":{\"@type\":\"EntryPoint\",\"urlTemplate\":\"http:\/\/wascon.pl\/?s={search_term_string}\"},\"query-input\":\"required name=search_term_string\"}],\"inLanguage\":\"pl-PL\"},{\"@type\":\"ImageObject\",\"@id\":\"http:\/\/wascon.pl\/?page_id=157#primaryimage\",\"inLanguage\":\"pl-PL\",\"url\":\"http:\/\/wascon.pl\/wp-content\/uploads\/2022\/02\/Kod-robotyka-1.jpg\",\"contentUrl\":\"http:\/\/wascon.pl\/wp-content\/uploads\/2022\/02\/Kod-robotyka-1.jpg\",\"width\":549,\"height\":593},{\"@type\":\"WebPage\",\"@id\":\"http:\/\/wascon.pl\/?page_id=157#webpage\",\"url\":\"http:\/\/wascon.pl\/?page_id=157\",\"name\":\"Projekty Robotyczne - WASCON\",\"isPartOf\":{\"@id\":\"http:\/\/wascon.pl\/#website\"},\"primaryImageOfPage\":{\"@id\":\"http:\/\/wascon.pl\/?page_id=157#primaryimage\"},\"datePublished\":\"2022-01-21T16:24:41+00:00\",\"dateModified\":\"2022-02-15T17:19:04+00:00\",\"breadcrumb\":{\"@id\":\"http:\/\/wascon.pl\/?page_id=157#breadcrumb\"},\"inLanguage\":\"pl-PL\",\"potentialAction\":[{\"@type\":\"ReadAction\",\"target\":[\"http:\/\/wascon.pl\/?page_id=157\"]}]},{\"@type\":\"BreadcrumbList\",\"@id\":\"http:\/\/wascon.pl\/?page_id=157#breadcrumb\",\"itemListElement\":[{\"@type\":\"ListItem\",\"position\":1,\"name\":\"Strona g\\u0142\\u00f3wna\",\"item\":\"http:\/\/wascon.pl\/\"},{\"@type\":\"ListItem\",\"position\":2,\"name\":\"Projekty Robotyczne\"}]}]}<\/script>\n<!-- \/ Yoast SEO plugin. -->","yoast_head_json":{"title":"Projekty Robotyczne - WASCON","robots":{"index":"index","follow":"follow","max-snippet":"max-snippet:-1","max-image-preview":"max-image-preview:large","max-video-preview":"max-video-preview:-1"},"canonical":"http:\/\/wascon.pl\/?page_id=157","og_locale":"pl_PL","og_type":"article","og_title":"Projekty Robotyczne - WASCON","og_description":"Projekty RobotyczneProjekty robotyczne stanowi\u0105 jeden z g\u0142\u00f3wnych obszar\u00f3w zainteresowa\u0144 naszej firmy. Od ponad 10 nieustannie kszta\u0142cimy si\u0119 w temacie robotyzacji. Wsp\u00f3\u0142pracujemy z klientami ko\u0144cowymi w zakresie projektowania i uruchamiania kompleksowych instalacji robotycznych. Wsp\u00f3\u0142pracujemy tak\u017ce z systemintegratorami w zakresie wsparcia programistycznego lub zaawansowanej konstrukcji chwytaka robota. Na robotyzacj\u0119 patrzymy szeroko i z u\u015bmiechem widz\u0105c jak bardzo [&hellip;]","og_url":"http:\/\/wascon.pl\/?page_id=157","og_site_name":"WASCON","article_modified_time":"2022-02-15T17:19:04+00:00","og_image":[{"url":"http:\/\/wascon.pl\/wp-content\/uploads\/2022\/02\/Kod-robotyka-1.jpg"}],"twitter_card":"summary_large_image","twitter_misc":{"Szacowany czas czytania":"4 minuty"},"schema":{"@context":"https:\/\/schema.org","@graph":[{"@type":"WebSite","@id":"http:\/\/wascon.pl\/#website","url":"http:\/\/wascon.pl\/","name":"WASCON","description":"Automatyka Przemyslowa","potentialAction":[{"@type":"SearchAction","target":{"@type":"EntryPoint","urlTemplate":"http:\/\/wascon.pl\/?s={search_term_string}"},"query-input":"required name=search_term_string"}],"inLanguage":"pl-PL"},{"@type":"ImageObject","@id":"http:\/\/wascon.pl\/?page_id=157#primaryimage","inLanguage":"pl-PL","url":"http:\/\/wascon.pl\/wp-content\/uploads\/2022\/02\/Kod-robotyka-1.jpg","contentUrl":"http:\/\/wascon.pl\/wp-content\/uploads\/2022\/02\/Kod-robotyka-1.jpg","width":549,"height":593},{"@type":"WebPage","@id":"http:\/\/wascon.pl\/?page_id=157#webpage","url":"http:\/\/wascon.pl\/?page_id=157","name":"Projekty Robotyczne - WASCON","isPartOf":{"@id":"http:\/\/wascon.pl\/#website"},"primaryImageOfPage":{"@id":"http:\/\/wascon.pl\/?page_id=157#primaryimage"},"datePublished":"2022-01-21T16:24:41+00:00","dateModified":"2022-02-15T17:19:04+00:00","breadcrumb":{"@id":"http:\/\/wascon.pl\/?page_id=157#breadcrumb"},"inLanguage":"pl-PL","potentialAction":[{"@type":"ReadAction","target":["http:\/\/wascon.pl\/?page_id=157"]}]},{"@type":"BreadcrumbList","@id":"http:\/\/wascon.pl\/?page_id=157#breadcrumb","itemListElement":[{"@type":"ListItem","position":1,"name":"Strona g\u0142\u00f3wna","item":"http:\/\/wascon.pl\/"},{"@type":"ListItem","position":2,"name":"Projekty Robotyczne"}]}]}},"_links":{"self":[{"href":"http:\/\/wascon.pl\/index.php?rest_route=\/wp\/v2\/pages\/157","targetHints":{"allow":["GET"]}}],"collection":[{"href":"http:\/\/wascon.pl\/index.php?rest_route=\/wp\/v2\/pages"}],"about":[{"href":"http:\/\/wascon.pl\/index.php?rest_route=\/wp\/v2\/types\/page"}],"author":[{"embeddable":true,"href":"http:\/\/wascon.pl\/index.php?rest_route=\/wp\/v2\/users\/1"}],"replies":[{"embeddable":true,"href":"http:\/\/wascon.pl\/index.php?rest_route=%2Fwp%2Fv2%2Fcomments&post=157"}],"version-history":[{"count":25,"href":"http:\/\/wascon.pl\/index.php?rest_route=\/wp\/v2\/pages\/157\/revisions"}],"predecessor-version":[{"id":428,"href":"http:\/\/wascon.pl\/index.php?rest_route=\/wp\/v2\/pages\/157\/revisions\/428"}],"wp:attachment":[{"href":"http:\/\/wascon.pl\/index.php?rest_route=%2Fwp%2Fv2%2Fmedia&parent=157"}],"curies":[{"name":"wp","href":"https:\/\/api.w.org\/{rel}","templated":true}]}}