{"id":159,"date":"2022-01-21T17:25:28","date_gmt":"2022-01-21T16:25:28","guid":{"rendered":"http:\/\/wascon.pl\/?page_id=159"},"modified":"2022-02-21T08:06:07","modified_gmt":"2022-02-21T07:06:07","slug":"konstrukcja","status":"publish","type":"page","link":"http:\/\/wascon.pl\/?page_id=159","title":{"rendered":"Konstrukcja"},"content":{"rendered":"\t\t<div data-elementor-type=\"wp-page\" data-elementor-id=\"159\" class=\"elementor elementor-159\" data-elementor-settings=\"[]\">\n\t\t\t\t\t\t\t<div class=\"elementor-section-wrap\">\n\t\t\t\t\t\t\t<section class=\"elementor-section elementor-top-section elementor-element elementor-element-7a667e7 elementor-section-boxed elementor-section-height-default elementor-section-height-default\" data-id=\"7a667e7\" data-element_type=\"section\">\n\t\t\t\t\t\t<div class=\"elementor-container elementor-column-gap-default\">\n\t\t\t\t\t<div class=\"elementor-column elementor-col-100 elementor-top-column elementor-element elementor-element-b5e0ba5\" data-id=\"b5e0ba5\" data-element_type=\"column\">\n\t\t\t<div class=\"elementor-widget-wrap elementor-element-populated\">\n\t\t\t\t\t\t\t\t<div class=\"elementor-element elementor-element-431ee7b elementor-widget elementor-widget-text-editor\" data-id=\"431ee7b\" data-element_type=\"widget\" data-widget_type=\"text-editor.default\">\n\t\t\t\t<div class=\"elementor-widget-container\">\n\t\t\t<style>\/*! elementor - v3.5.3 - 28-12-2021 *\/\n.elementor-widget-text-editor.elementor-drop-cap-view-stacked .elementor-drop-cap{background-color:#818a91;color:#fff}.elementor-widget-text-editor.elementor-drop-cap-view-framed .elementor-drop-cap{color:#818a91;border:3px solid;background-color:transparent}.elementor-widget-text-editor:not(.elementor-drop-cap-view-default) .elementor-drop-cap{margin-top:8px}.elementor-widget-text-editor:not(.elementor-drop-cap-view-default) .elementor-drop-cap-letter{width:1em;height:1em}.elementor-widget-text-editor .elementor-drop-cap{float:left;text-align:center;line-height:1;font-size:50px}.elementor-widget-text-editor .elementor-drop-cap-letter{display:inline-block}<\/style>\t\t\t\t<h2>Konstrukcja<\/h2>\t\t\t\t\t\t<\/div>\n\t\t\t\t<\/div>\n\t\t\t\t<div class=\"elementor-element elementor-element-73e0e8f elementor-widget elementor-widget-text-editor\" data-id=\"73e0e8f\" data-element_type=\"widget\" data-widget_type=\"text-editor.default\">\n\t\t\t\t<div class=\"elementor-widget-container\">\n\t\t\t\t\t\t\t<h5><strong>Projektowanie i budowa maszyn<\/strong><\/h5><p>Projektujemy i budujemy maszyny na specjalne potrzeby wielu ga\u0142\u0119zi przemys\u0142u. W ramach naszej oferty dzia\u0142amy kompleksowo,<br \/>od opracowania koncepcji maszyny po wsparcie serwisowe.<\/p><p><strong>Realizacja projektu jest kilku etapowa:<\/strong><\/p><ul><li>zebranie wymaga\u0144 i oczekiwa\u0144 Klienta,<\/li><li>przygotowanie oferty handlowej wraz ze wst\u0119pnym zarysem projektowym maszyny,<\/li><li>wsp\u00f3lne ustalenie termin\u00f3w i harmonogramu realizacji projektu,<\/li><li>realizacja,<\/li><li>wsparcie techniczne w okresie r\u0119kojmi i w razie indywidualnych potrzeb kompleksowy serwis maszyn po zako\u0144czeniu okresu gwarancji.<\/li><\/ul>\t\t\t\t\t\t<\/div>\n\t\t\t\t<\/div>\n\t\t\t\t\t<\/div>\n\t\t<\/div>\n\t\t\t\t\t\t\t<\/div>\n\t\t<\/section>\n\t\t\t\t<section class=\"elementor-section elementor-top-section elementor-element elementor-element-ba3dfb6 elementor-section-boxed elementor-section-height-default elementor-section-height-default\" data-id=\"ba3dfb6\" data-element_type=\"section\">\n\t\t\t\t\t\t<div class=\"elementor-container elementor-column-gap-default\">\n\t\t\t\t\t<div class=\"elementor-column elementor-col-100 elementor-top-column elementor-element elementor-element-df0e1ae\" data-id=\"df0e1ae\" data-element_type=\"column\">\n\t\t\t<div class=\"elementor-widget-wrap elementor-element-populated\">\n\t\t\t\t\t\t\t\t<div class=\"elementor-element elementor-element-0da9df6 elementor-widget elementor-widget-text-editor\" data-id=\"0da9df6\" data-element_type=\"widget\" data-widget_type=\"text-editor.default\">\n\t\t\t\t<div class=\"elementor-widget-container\">\n\t\t\t\t\t\t\t<h5>Projektowanie<strong> urz\u0105dze\u0144 b\u0119d\u0105cych cz\u0119\u015bciami sk\u0142adowymi linii produkcyjnych <br \/><\/strong><\/h5><p>Specjalizujemy si\u0119 w projektowaniu element\u00f3w linii produkcyjnych w r\u00f3\u017cnych ga\u0142\u0119ziach przemys\u0142u. Realizowali\u015bmy projekty m.in. dla bran\u017cy: medycznej, FMCG, automotive.<\/p>\t\t\t\t\t\t<\/div>\n\t\t\t\t<\/div>\n\t\t\t\t\t<\/div>\n\t\t<\/div>\n\t\t\t\t\t\t\t<\/div>\n\t\t<\/section>\n\t\t\t\t<section class=\"elementor-section elementor-top-section elementor-element elementor-element-fae7aac elementor-section-boxed elementor-section-height-default elementor-section-height-default\" data-id=\"fae7aac\" data-element_type=\"section\">\n\t\t\t\t\t\t<div class=\"elementor-container elementor-column-gap-default\">\n\t\t\t\t\t<div class=\"elementor-column elementor-col-100 elementor-top-column elementor-element elementor-element-6bf3017\" data-id=\"6bf3017\" data-element_type=\"column\">\n\t\t\t<div class=\"elementor-widget-wrap elementor-element-populated\">\n\t\t\t\t\t\t\t\t<div class=\"elementor-element elementor-element-e444eb2 elementor-widget elementor-widget-text-editor\" data-id=\"e444eb2\" data-element_type=\"widget\" data-widget_type=\"text-editor.default\">\n\t\t\t\t<div class=\"elementor-widget-container\">\n\t\t\t\t\t\t\t<h5><strong>Projektowanie i konstruowanie maszy<\/strong><b>n specjalnych<\/b><\/h5><p>Jeste\u015bmy pionierem w realizacji maszyn specjalnych. Potrzeb\u0119 klienta przeradzamy w realny projekt.<\/p>\t\t\t\t\t\t<\/div>\n\t\t\t\t<\/div>\n\t\t\t\t\t<\/div>\n\t\t<\/div>\n\t\t\t\t\t\t\t<\/div>\n\t\t<\/section>\n\t\t\t\t<section class=\"elementor-section elementor-top-section elementor-element elementor-element-ecb8620 elementor-section-boxed elementor-section-height-default elementor-section-height-default\" data-id=\"ecb8620\" data-element_type=\"section\">\n\t\t\t\t\t\t<div class=\"elementor-container elementor-column-gap-default\">\n\t\t\t\t\t<div class=\"elementor-column elementor-col-100 elementor-top-column elementor-element elementor-element-07f2be6\" data-id=\"07f2be6\" data-element_type=\"column\">\n\t\t\t<div class=\"elementor-widget-wrap elementor-element-populated\">\n\t\t\t\t\t\t\t\t<div class=\"elementor-element elementor-element-9821da7 elementor-widget elementor-widget-text-editor\" data-id=\"9821da7\" data-element_type=\"widget\" data-widget_type=\"text-editor.default\">\n\t\t\t\t<div class=\"elementor-widget-container\">\n\t\t\t\t\t\t\t<h5><strong>Tworzenie nowej oraz dygitalizacja starej dokumentacji 2D, 3D<br \/><\/strong><\/h5><p>W ramach realizowanych projekt\u00f3w opracowujemy dokumentacj\u0119 techniczn\u0105. Dla potrzeb naszych Klient\u00f3w aktualizujemy i digitalizujemy dokumentacj\u0119 2D i 3D.<strong><br \/><\/strong><\/p>\t\t\t\t\t\t<\/div>\n\t\t\t\t<\/div>\n\t\t\t\t\t<\/div>\n\t\t<\/div>\n\t\t\t\t\t\t\t<\/div>\n\t\t<\/section>\n\t\t\t\t<section class=\"elementor-section elementor-top-section elementor-element elementor-element-04202f3 elementor-section-boxed elementor-section-height-default elementor-section-height-default\" data-id=\"04202f3\" data-element_type=\"section\">\n\t\t\t\t\t\t<div class=\"elementor-container elementor-column-gap-default\">\n\t\t\t\t\t<div class=\"elementor-column elementor-col-50 elementor-top-column elementor-element elementor-element-1c6cbb5\" data-id=\"1c6cbb5\" data-element_type=\"column\">\n\t\t\t<div class=\"elementor-widget-wrap elementor-element-populated\">\n\t\t\t\t\t\t\t\t<div class=\"elementor-element elementor-element-9b9ea00 elementor-widget elementor-widget-text-editor\" data-id=\"9b9ea00\" data-element_type=\"widget\" data-widget_type=\"text-editor.default\">\n\t\t\t\t<div class=\"elementor-widget-container\">\n\t\t\t\t\t\t\t<h5>Najwy\u017csza jako\u015b\u0107 wytwarzanych detali<\/h5><p>Precyzja i staranno\u015b\u0107 wykonania jest dla nas kluczowa dlatego podj\u0119li\u015bmy wsp\u00f3\u0142prac\u0119 w zakresie wykonawstwa detali z firm\u0105 <strong>Pemes Produkcja<\/strong>, kt\u00f3ra jest w stanie dostarczy\u0107 zaprojektowane przez nas detale najwy\u017cszej jako\u015bci w oczekiwanym terminie.<\/p>\t\t\t\t\t\t<\/div>\n\t\t\t\t<\/div>\n\t\t\t\t\t<\/div>\n\t\t<\/div>\n\t\t\t\t<div class=\"elementor-column elementor-col-50 elementor-top-column elementor-element elementor-element-07233e1\" data-id=\"07233e1\" data-element_type=\"column\">\n\t\t\t<div class=\"elementor-widget-wrap elementor-element-populated\">\n\t\t\t\t\t\t\t\t<div class=\"elementor-element elementor-element-5760c56 elementor-widget elementor-widget-text-editor\" data-id=\"5760c56\" data-element_type=\"widget\" data-widget_type=\"text-editor.default\">\n\t\t\t\t<div class=\"elementor-widget-container\">\n\t\t\t\t\t\t\t<h5>Nasz partner w zakresie obr\u00f3bki detali<\/h5>\t\t\t\t\t\t<\/div>\n\t\t\t\t<\/div>\n\t\t\t\t\t<\/div>\n\t\t<\/div>\n\t\t\t\t\t\t\t<\/div>\n\t\t<\/section>\n\t\t\t\t\t\t<\/div>\n\t\t\t\t\t<\/div>\n\t\t","protected":false},"excerpt":{"rendered":"<p>KonstrukcjaProjektowanie i budowa maszynProjektujemy i budujemy maszyny na specjalne potrzeby wielu ga\u0142\u0119zi przemys\u0142u. W ramach naszej oferty dzia\u0142amy kompleksowo,od opracowania koncepcji maszyny po wsparcie serwisowe.Realizacja projektu jest kilku etapowa:zebranie wymaga\u0144 i oczekiwa\u0144 Klienta,przygotowanie oferty handlowej wraz ze wst\u0119pnym zarysem projektowym maszyny,wsp\u00f3lne ustalenie termin\u00f3w i harmonogramu realizacji projektu,realizacja,wsparcie techniczne w okresie r\u0119kojmi i w razie indywidualnych [&hellip;]<\/p>\n","protected":false},"author":1,"featured_media":0,"parent":0,"menu_order":0,"comment_status":"closed","ping_status":"closed","template":"","meta":{"_mi_skip_tracking":false,"footnotes":""},"class_list":["post-159","page","type-page","status-publish","hentry"],"acf":[],"yoast_head":"<!-- This site is optimized with the Yoast SEO plugin v17.9 - https:\/\/yoast.com\/wordpress\/plugins\/seo\/ -->\n<title>Konstrukcja - WASCON<\/title>\n<meta name=\"robots\" content=\"index, follow, max-snippet:-1, max-image-preview:large, max-video-preview:-1\" \/>\n<link rel=\"canonical\" href=\"http:\/\/wascon.pl\/?page_id=159\" \/>\n<meta property=\"og:locale\" content=\"pl_PL\" \/>\n<meta property=\"og:type\" content=\"article\" \/>\n<meta property=\"og:title\" content=\"Konstrukcja - WASCON\" \/>\n<meta property=\"og:description\" content=\"KonstrukcjaProjektowanie i budowa maszynProjektujemy i budujemy maszyny na specjalne potrzeby wielu ga\u0142\u0119zi przemys\u0142u. W ramach naszej oferty dzia\u0142amy kompleksowo,od opracowania koncepcji maszyny po wsparcie serwisowe.Realizacja projektu jest kilku etapowa:zebranie wymaga\u0144 i oczekiwa\u0144 Klienta,przygotowanie oferty handlowej wraz ze wst\u0119pnym zarysem projektowym maszyny,wsp\u00f3lne ustalenie termin\u00f3w i harmonogramu realizacji projektu,realizacja,wsparcie techniczne w okresie r\u0119kojmi i w razie indywidualnych [&hellip;]\" \/>\n<meta property=\"og:url\" content=\"http:\/\/wascon.pl\/?page_id=159\" \/>\n<meta property=\"og:site_name\" content=\"WASCON\" \/>\n<meta property=\"article:modified_time\" content=\"2022-02-21T07:06:07+00:00\" \/>\n<meta name=\"twitter:card\" content=\"summary_large_image\" \/>\n<meta name=\"twitter:label1\" content=\"Szacowany czas czytania\" \/>\n\t<meta name=\"twitter:data1\" content=\"2 minuty\" \/>\n<script type=\"application\/ld+json\" class=\"yoast-schema-graph\">{\"@context\":\"https:\/\/schema.org\",\"@graph\":[{\"@type\":\"WebSite\",\"@id\":\"http:\/\/wascon.pl\/#website\",\"url\":\"http:\/\/wascon.pl\/\",\"name\":\"WASCON\",\"description\":\"Automatyka Przemyslowa\",\"potentialAction\":[{\"@type\":\"SearchAction\",\"target\":{\"@type\":\"EntryPoint\",\"urlTemplate\":\"http:\/\/wascon.pl\/?s={search_term_string}\"},\"query-input\":\"required name=search_term_string\"}],\"inLanguage\":\"pl-PL\"},{\"@type\":\"WebPage\",\"@id\":\"http:\/\/wascon.pl\/?page_id=159#webpage\",\"url\":\"http:\/\/wascon.pl\/?page_id=159\",\"name\":\"Konstrukcja - WASCON\",\"isPartOf\":{\"@id\":\"http:\/\/wascon.pl\/#website\"},\"datePublished\":\"2022-01-21T16:25:28+00:00\",\"dateModified\":\"2022-02-21T07:06:07+00:00\",\"breadcrumb\":{\"@id\":\"http:\/\/wascon.pl\/?page_id=159#breadcrumb\"},\"inLanguage\":\"pl-PL\",\"potentialAction\":[{\"@type\":\"ReadAction\",\"target\":[\"http:\/\/wascon.pl\/?page_id=159\"]}]},{\"@type\":\"BreadcrumbList\",\"@id\":\"http:\/\/wascon.pl\/?page_id=159#breadcrumb\",\"itemListElement\":[{\"@type\":\"ListItem\",\"position\":1,\"name\":\"Strona g\\u0142\\u00f3wna\",\"item\":\"http:\/\/wascon.pl\/\"},{\"@type\":\"ListItem\",\"position\":2,\"name\":\"Konstrukcja\"}]}]}<\/script>\n<!-- \/ Yoast SEO plugin. -->","yoast_head_json":{"title":"Konstrukcja - WASCON","robots":{"index":"index","follow":"follow","max-snippet":"max-snippet:-1","max-image-preview":"max-image-preview:large","max-video-preview":"max-video-preview:-1"},"canonical":"http:\/\/wascon.pl\/?page_id=159","og_locale":"pl_PL","og_type":"article","og_title":"Konstrukcja - WASCON","og_description":"KonstrukcjaProjektowanie i budowa maszynProjektujemy i budujemy maszyny na specjalne potrzeby wielu ga\u0142\u0119zi przemys\u0142u. W ramach naszej oferty dzia\u0142amy kompleksowo,od opracowania koncepcji maszyny po wsparcie serwisowe.Realizacja projektu jest kilku etapowa:zebranie wymaga\u0144 i oczekiwa\u0144 Klienta,przygotowanie oferty handlowej wraz ze wst\u0119pnym zarysem projektowym maszyny,wsp\u00f3lne ustalenie termin\u00f3w i harmonogramu realizacji projektu,realizacja,wsparcie techniczne w okresie r\u0119kojmi i w razie indywidualnych [&hellip;]","og_url":"http:\/\/wascon.pl\/?page_id=159","og_site_name":"WASCON","article_modified_time":"2022-02-21T07:06:07+00:00","twitter_card":"summary_large_image","twitter_misc":{"Szacowany czas czytania":"2 minuty"},"schema":{"@context":"https:\/\/schema.org","@graph":[{"@type":"WebSite","@id":"http:\/\/wascon.pl\/#website","url":"http:\/\/wascon.pl\/","name":"WASCON","description":"Automatyka Przemyslowa","potentialAction":[{"@type":"SearchAction","target":{"@type":"EntryPoint","urlTemplate":"http:\/\/wascon.pl\/?s={search_term_string}"},"query-input":"required name=search_term_string"}],"inLanguage":"pl-PL"},{"@type":"WebPage","@id":"http:\/\/wascon.pl\/?page_id=159#webpage","url":"http:\/\/wascon.pl\/?page_id=159","name":"Konstrukcja - WASCON","isPartOf":{"@id":"http:\/\/wascon.pl\/#website"},"datePublished":"2022-01-21T16:25:28+00:00","dateModified":"2022-02-21T07:06:07+00:00","breadcrumb":{"@id":"http:\/\/wascon.pl\/?page_id=159#breadcrumb"},"inLanguage":"pl-PL","potentialAction":[{"@type":"ReadAction","target":["http:\/\/wascon.pl\/?page_id=159"]}]},{"@type":"BreadcrumbList","@id":"http:\/\/wascon.pl\/?page_id=159#breadcrumb","itemListElement":[{"@type":"ListItem","position":1,"name":"Strona g\u0142\u00f3wna","item":"http:\/\/wascon.pl\/"},{"@type":"ListItem","position":2,"name":"Konstrukcja"}]}]}},"_links":{"self":[{"href":"http:\/\/wascon.pl\/index.php?rest_route=\/wp\/v2\/pages\/159","targetHints":{"allow":["GET"]}}],"collection":[{"href":"http:\/\/wascon.pl\/index.php?rest_route=\/wp\/v2\/pages"}],"about":[{"href":"http:\/\/wascon.pl\/index.php?rest_route=\/wp\/v2\/types\/page"}],"author":[{"embeddable":true,"href":"http:\/\/wascon.pl\/index.php?rest_route=\/wp\/v2\/users\/1"}],"replies":[{"embeddable":true,"href":"http:\/\/wascon.pl\/index.php?rest_route=%2Fwp%2Fv2%2Fcomments&post=159"}],"version-history":[{"count":53,"href":"http:\/\/wascon.pl\/index.php?rest_route=\/wp\/v2\/pages\/159\/revisions"}],"predecessor-version":[{"id":625,"href":"http:\/\/wascon.pl\/index.php?rest_route=\/wp\/v2\/pages\/159\/revisions\/625"}],"wp:attachment":[{"href":"http:\/\/wascon.pl\/index.php?rest_route=%2Fwp%2Fv2%2Fmedia&parent=159"}],"curies":[{"name":"wp","href":"https:\/\/api.w.org\/{rel}","templated":true}]}}