{"id":163,"date":"2022-01-21T17:26:24","date_gmt":"2022-01-21T16:26:24","guid":{"rendered":"http:\/\/wascon.pl\/?page_id=163"},"modified":"2022-02-15T18:17:45","modified_gmt":"2022-02-15T17:17:45","slug":"szafy-sterownicze","status":"publish","type":"page","link":"http:\/\/wascon.pl\/?page_id=163","title":{"rendered":"Szafy Sterownicze"},"content":{"rendered":"\t\t<div data-elementor-type=\"wp-page\" data-elementor-id=\"163\" class=\"elementor elementor-163\" data-elementor-settings=\"[]\">\n\t\t\t\t\t\t\t<div class=\"elementor-section-wrap\">\n\t\t\t\t\t\t\t<section class=\"elementor-section elementor-top-section elementor-element elementor-element-3b0aa6d elementor-section-boxed elementor-section-height-default elementor-section-height-default\" data-id=\"3b0aa6d\" data-element_type=\"section\">\n\t\t\t\t\t\t<div class=\"elementor-container elementor-column-gap-default\">\n\t\t\t\t\t<div class=\"elementor-column elementor-col-100 elementor-top-column elementor-element elementor-element-66d415a\" data-id=\"66d415a\" data-element_type=\"column\">\n\t\t\t<div class=\"elementor-widget-wrap elementor-element-populated\">\n\t\t\t\t\t\t\t\t<div class=\"elementor-element elementor-element-dd57dc6 elementor-widget elementor-widget-text-editor\" data-id=\"dd57dc6\" data-element_type=\"widget\" data-widget_type=\"text-editor.default\">\n\t\t\t\t<div class=\"elementor-widget-container\">\n\t\t\t<style>\/*! elementor - v3.5.3 - 28-12-2021 *\/\n.elementor-widget-text-editor.elementor-drop-cap-view-stacked .elementor-drop-cap{background-color:#818a91;color:#fff}.elementor-widget-text-editor.elementor-drop-cap-view-framed .elementor-drop-cap{color:#818a91;border:3px solid;background-color:transparent}.elementor-widget-text-editor:not(.elementor-drop-cap-view-default) .elementor-drop-cap{margin-top:8px}.elementor-widget-text-editor:not(.elementor-drop-cap-view-default) .elementor-drop-cap-letter{width:1em;height:1em}.elementor-widget-text-editor .elementor-drop-cap{float:left;text-align:center;line-height:1;font-size:50px}.elementor-widget-text-editor .elementor-drop-cap-letter{display:inline-block}<\/style>\t\t\t\t<h2>Szafy Sterownicze<\/h2>\t\t\t\t\t\t<\/div>\n\t\t\t\t<\/div>\n\t\t\t\t<section class=\"elementor-section elementor-inner-section elementor-element elementor-element-f967002 elementor-section-boxed elementor-section-height-default elementor-section-height-default\" data-id=\"f967002\" data-element_type=\"section\">\n\t\t\t\t\t\t<div class=\"elementor-container elementor-column-gap-default\">\n\t\t\t\t\t<div class=\"elementor-column elementor-col-100 elementor-inner-column elementor-element elementor-element-e51589e\" data-id=\"e51589e\" data-element_type=\"column\">\n\t\t\t<div class=\"elementor-widget-wrap elementor-element-populated\">\n\t\t\t\t\t\t\t\t<div class=\"elementor-element elementor-element-463c1f2 elementor-widget elementor-widget-text-editor\" data-id=\"463c1f2\" data-element_type=\"widget\" data-widget_type=\"text-editor.default\">\n\t\t\t\t<div class=\"elementor-widget-container\">\n\t\t\t\t\t\t\t<h4>Zach\u0119camy do podj\u0119cia wsp\u00f3lpracy w zakresie prefabrykacji szaf sterowniczych.<\/h4><h4>Jak to dzia\u0142a u nas krok po kroku ?<\/h4><h6>\u00a0<\/h6><h6>1. Dostarczenie schematu elektrycznego<\/h6><p>Na tym etapie staramy si\u0119 wychwyci\u0107 ewentualne b\u0142\u0119dy w dokumentacji.<\/p><h6>2. Proces zam\u00f3wieniowy cz\u0119\u015bci:<\/h6><p><strong><em>Opcja 1:<\/em><\/strong> Zamawiamy we w\u0142asnym zakresie te komponenty, kt\u00f3re nie zosta\u0142y dostarczone przez klienta. Je\u017celi jest problem z dost\u0119pno\u015bci\u0105 jakiej\u015b cz\u0119\u015bci w sieci dystrybucyjnej z kt\u00f3r\u0105 wsp\u00f3\u0142pracujemy proponujemy zam\u00f3wienie z innego \u017ar\u00f3d\u0142a. Je\u017celi cena w naszej opinii jest znacz\u0105co wy\u017csza informujemy o tym.<\/p><p><strong><em>Opcja 2:<\/em><\/strong> Uzyskujemy pozwolenie dot. zam\u00f3wienia cz\u0119\u015bci, wystawiania faktur i p\u0142atno\u015bci odroczonych na firm\u0119 klienta, dostawa leci do nas. Faktury je\u017celi pojawia\u0142y si\u0119 w formie fizycznej wraz z dostaw\u0105 cz\u0119\u015bci dostarczamy do klienta 2 razy w miesi\u0105cu.<\/p><h6>3. Znakowanie kabli, etykietowanie przewod\u00f3w<\/h6><p>Tutaj jeste\u015bmy otwarci, standardowo w swoich szafach u\u017cywamy drukarki CANON (odpowiednik Partex\u2019a) ale mo\u017cemy si\u0119 dostosowa\u0107 do innego standardu.<\/p><h6>4. Otwory monta\u017cowe w szafach<\/h6><p>Wszelkie otwory monta\u017cowe wysy\u0142amy na ci\u0119cie wod\u0105 zgodnie z naszym projektem lub projektem klienta.<\/p><h6>5. Test szafy<\/h6><p>Po zako\u0144czeniu prefabrykacji zasilamy wst\u0119pnie szaf\u0119 i sprawdzamy po\u0142\u0105czenia.<\/p><h6>6. Dostarczamy szaf\u0119 do klienta<\/h6>\t\t\t\t\t\t<\/div>\n\t\t\t\t<\/div>\n\t\t\t\t\t<\/div>\n\t\t<\/div>\n\t\t\t\t\t\t\t<\/div>\n\t\t<\/section>\n\t\t\t\t\t<\/div>\n\t\t<\/div>\n\t\t\t\t\t\t\t<\/div>\n\t\t<\/section>\n\t\t\t\t\t\t<\/div>\n\t\t\t\t\t<\/div>\n\t\t","protected":false},"excerpt":{"rendered":"<p>Szafy SterowniczeZach\u0119camy do podj\u0119cia wsp\u00f3lpracy w zakresie prefabrykacji szaf sterowniczych.Jak to dzia\u0142a u nas krok po kroku ?\u00a01. Dostarczenie schematu elektrycznegoNa tym etapie staramy si\u0119 wychwyci\u0107 ewentualne b\u0142\u0119dy w dokumentacji.2. Proces zam\u00f3wieniowy cz\u0119\u015bci:Opcja 1: Zamawiamy we w\u0142asnym zakresie te komponenty, kt\u00f3re nie zosta\u0142y dostarczone przez klienta. Je\u017celi jest problem z dost\u0119pno\u015bci\u0105 jakiej\u015b cz\u0119\u015bci w sieci [&hellip;]<\/p>\n","protected":false},"author":1,"featured_media":0,"parent":0,"menu_order":0,"comment_status":"closed","ping_status":"closed","template":"","meta":{"_mi_skip_tracking":false,"footnotes":""},"class_list":["post-163","page","type-page","status-publish","hentry"],"acf":[],"yoast_head":"<!-- This site is optimized with the Yoast SEO plugin v17.9 - https:\/\/yoast.com\/wordpress\/plugins\/seo\/ -->\n<title>Szafy Sterownicze - WASCON<\/title>\n<meta name=\"robots\" content=\"index, follow, max-snippet:-1, max-image-preview:large, max-video-preview:-1\" \/>\n<link rel=\"canonical\" href=\"http:\/\/wascon.pl\/?page_id=163\" \/>\n<meta property=\"og:locale\" content=\"pl_PL\" \/>\n<meta property=\"og:type\" content=\"article\" \/>\n<meta property=\"og:title\" content=\"Szafy Sterownicze - WASCON\" \/>\n<meta property=\"og:description\" content=\"Szafy SterowniczeZach\u0119camy do podj\u0119cia wsp\u00f3lpracy w zakresie prefabrykacji szaf sterowniczych.Jak to dzia\u0142a u nas krok po kroku ?\u00a01. Dostarczenie schematu elektrycznegoNa tym etapie staramy si\u0119 wychwyci\u0107 ewentualne b\u0142\u0119dy w dokumentacji.2. Proces zam\u00f3wieniowy cz\u0119\u015bci:Opcja 1: Zamawiamy we w\u0142asnym zakresie te komponenty, kt\u00f3re nie zosta\u0142y dostarczone przez klienta. Je\u017celi jest problem z dost\u0119pno\u015bci\u0105 jakiej\u015b cz\u0119\u015bci w sieci [&hellip;]\" \/>\n<meta property=\"og:url\" content=\"http:\/\/wascon.pl\/?page_id=163\" \/>\n<meta property=\"og:site_name\" content=\"WASCON\" \/>\n<meta property=\"article:modified_time\" content=\"2022-02-15T17:17:45+00:00\" \/>\n<meta name=\"twitter:card\" content=\"summary_large_image\" \/>\n<meta name=\"twitter:label1\" content=\"Szacowany czas czytania\" \/>\n\t<meta name=\"twitter:data1\" content=\"2 minuty\" \/>\n<script type=\"application\/ld+json\" class=\"yoast-schema-graph\">{\"@context\":\"https:\/\/schema.org\",\"@graph\":[{\"@type\":\"WebSite\",\"@id\":\"http:\/\/wascon.pl\/#website\",\"url\":\"http:\/\/wascon.pl\/\",\"name\":\"WASCON\",\"description\":\"Automatyka Przemyslowa\",\"potentialAction\":[{\"@type\":\"SearchAction\",\"target\":{\"@type\":\"EntryPoint\",\"urlTemplate\":\"http:\/\/wascon.pl\/?s={search_term_string}\"},\"query-input\":\"required name=search_term_string\"}],\"inLanguage\":\"pl-PL\"},{\"@type\":\"WebPage\",\"@id\":\"http:\/\/wascon.pl\/?page_id=163#webpage\",\"url\":\"http:\/\/wascon.pl\/?page_id=163\",\"name\":\"Szafy Sterownicze - WASCON\",\"isPartOf\":{\"@id\":\"http:\/\/wascon.pl\/#website\"},\"datePublished\":\"2022-01-21T16:26:24+00:00\",\"dateModified\":\"2022-02-15T17:17:45+00:00\",\"breadcrumb\":{\"@id\":\"http:\/\/wascon.pl\/?page_id=163#breadcrumb\"},\"inLanguage\":\"pl-PL\",\"potentialAction\":[{\"@type\":\"ReadAction\",\"target\":[\"http:\/\/wascon.pl\/?page_id=163\"]}]},{\"@type\":\"BreadcrumbList\",\"@id\":\"http:\/\/wascon.pl\/?page_id=163#breadcrumb\",\"itemListElement\":[{\"@type\":\"ListItem\",\"position\":1,\"name\":\"Strona g\\u0142\\u00f3wna\",\"item\":\"http:\/\/wascon.pl\/\"},{\"@type\":\"ListItem\",\"position\":2,\"name\":\"Szafy Sterownicze\"}]}]}<\/script>\n<!-- \/ Yoast SEO plugin. -->","yoast_head_json":{"title":"Szafy Sterownicze - WASCON","robots":{"index":"index","follow":"follow","max-snippet":"max-snippet:-1","max-image-preview":"max-image-preview:large","max-video-preview":"max-video-preview:-1"},"canonical":"http:\/\/wascon.pl\/?page_id=163","og_locale":"pl_PL","og_type":"article","og_title":"Szafy Sterownicze - WASCON","og_description":"Szafy SterowniczeZach\u0119camy do podj\u0119cia wsp\u00f3lpracy w zakresie prefabrykacji szaf sterowniczych.Jak to dzia\u0142a u nas krok po kroku ?\u00a01. Dostarczenie schematu elektrycznegoNa tym etapie staramy si\u0119 wychwyci\u0107 ewentualne b\u0142\u0119dy w dokumentacji.2. Proces zam\u00f3wieniowy cz\u0119\u015bci:Opcja 1: Zamawiamy we w\u0142asnym zakresie te komponenty, kt\u00f3re nie zosta\u0142y dostarczone przez klienta. Je\u017celi jest problem z dost\u0119pno\u015bci\u0105 jakiej\u015b cz\u0119\u015bci w sieci [&hellip;]","og_url":"http:\/\/wascon.pl\/?page_id=163","og_site_name":"WASCON","article_modified_time":"2022-02-15T17:17:45+00:00","twitter_card":"summary_large_image","twitter_misc":{"Szacowany czas czytania":"2 minuty"},"schema":{"@context":"https:\/\/schema.org","@graph":[{"@type":"WebSite","@id":"http:\/\/wascon.pl\/#website","url":"http:\/\/wascon.pl\/","name":"WASCON","description":"Automatyka Przemyslowa","potentialAction":[{"@type":"SearchAction","target":{"@type":"EntryPoint","urlTemplate":"http:\/\/wascon.pl\/?s={search_term_string}"},"query-input":"required name=search_term_string"}],"inLanguage":"pl-PL"},{"@type":"WebPage","@id":"http:\/\/wascon.pl\/?page_id=163#webpage","url":"http:\/\/wascon.pl\/?page_id=163","name":"Szafy Sterownicze - WASCON","isPartOf":{"@id":"http:\/\/wascon.pl\/#website"},"datePublished":"2022-01-21T16:26:24+00:00","dateModified":"2022-02-15T17:17:45+00:00","breadcrumb":{"@id":"http:\/\/wascon.pl\/?page_id=163#breadcrumb"},"inLanguage":"pl-PL","potentialAction":[{"@type":"ReadAction","target":["http:\/\/wascon.pl\/?page_id=163"]}]},{"@type":"BreadcrumbList","@id":"http:\/\/wascon.pl\/?page_id=163#breadcrumb","itemListElement":[{"@type":"ListItem","position":1,"name":"Strona g\u0142\u00f3wna","item":"http:\/\/wascon.pl\/"},{"@type":"ListItem","position":2,"name":"Szafy Sterownicze"}]}]}},"_links":{"self":[{"href":"http:\/\/wascon.pl\/index.php?rest_route=\/wp\/v2\/pages\/163","targetHints":{"allow":["GET"]}}],"collection":[{"href":"http:\/\/wascon.pl\/index.php?rest_route=\/wp\/v2\/pages"}],"about":[{"href":"http:\/\/wascon.pl\/index.php?rest_route=\/wp\/v2\/types\/page"}],"author":[{"embeddable":true,"href":"http:\/\/wascon.pl\/index.php?rest_route=\/wp\/v2\/users\/1"}],"replies":[{"embeddable":true,"href":"http:\/\/wascon.pl\/index.php?rest_route=%2Fwp%2Fv2%2Fcomments&post=163"}],"version-history":[{"count":7,"href":"http:\/\/wascon.pl\/index.php?rest_route=\/wp\/v2\/pages\/163\/revisions"}],"predecessor-version":[{"id":425,"href":"http:\/\/wascon.pl\/index.php?rest_route=\/wp\/v2\/pages\/163\/revisions\/425"}],"wp:attachment":[{"href":"http:\/\/wascon.pl\/index.php?rest_route=%2Fwp%2Fv2%2Fmedia&parent=163"}],"curies":[{"name":"wp","href":"https:\/\/api.w.org\/{rel}","templated":true}]}}