{"id":201,"date":"2022-01-21T18:46:05","date_gmt":"2022-01-21T17:46:05","guid":{"rendered":"http:\/\/wascon.pl\/?page_id=201"},"modified":"2022-02-15T23:40:28","modified_gmt":"2022-02-15T22:40:28","slug":"o-nas-2","status":"publish","type":"page","link":"http:\/\/wascon.pl\/?page_id=201","title":{"rendered":"O nas"},"content":{"rendered":"\t\t<div data-elementor-type=\"wp-page\" data-elementor-id=\"201\" class=\"elementor elementor-201\" data-elementor-settings=\"[]\">\n\t\t\t\t\t\t\t<div class=\"elementor-section-wrap\">\n\t\t\t\t\t\t\t<section class=\"elementor-section elementor-top-section elementor-element elementor-element-bfc3fd4 elementor-section-boxed elementor-section-height-default elementor-section-height-default\" data-id=\"bfc3fd4\" data-element_type=\"section\">\n\t\t\t\t\t\t<div class=\"elementor-container elementor-column-gap-default\">\n\t\t\t\t\t<div class=\"elementor-column elementor-col-100 elementor-top-column elementor-element elementor-element-bba5a88\" data-id=\"bba5a88\" data-element_type=\"column\">\n\t\t\t<div class=\"elementor-widget-wrap elementor-element-populated\">\n\t\t\t\t\t\t\t\t<div class=\"elementor-element elementor-element-9aac821 elementor-widget elementor-widget-text-editor\" data-id=\"9aac821\" data-element_type=\"widget\" data-widget_type=\"text-editor.default\">\n\t\t\t\t<div class=\"elementor-widget-container\">\n\t\t\t<style>\/*! elementor - v3.5.3 - 28-12-2021 *\/\n.elementor-widget-text-editor.elementor-drop-cap-view-stacked .elementor-drop-cap{background-color:#818a91;color:#fff}.elementor-widget-text-editor.elementor-drop-cap-view-framed .elementor-drop-cap{color:#818a91;border:3px solid;background-color:transparent}.elementor-widget-text-editor:not(.elementor-drop-cap-view-default) .elementor-drop-cap{margin-top:8px}.elementor-widget-text-editor:not(.elementor-drop-cap-view-default) .elementor-drop-cap-letter{width:1em;height:1em}.elementor-widget-text-editor .elementor-drop-cap{float:left;text-align:center;line-height:1;font-size:50px}.elementor-widget-text-editor .elementor-drop-cap-letter{display:inline-block}<\/style>\t\t\t\t<h2>O nas<\/h2>\t\t\t\t\t\t<\/div>\n\t\t\t\t<\/div>\n\t\t\t\t<div class=\"elementor-element elementor-element-611f12e elementor-widget elementor-widget-text-editor\" data-id=\"611f12e\" data-element_type=\"widget\" data-widget_type=\"text-editor.default\">\n\t\t\t\t<div class=\"elementor-widget-container\">\n\t\t\t\t\t\t\t<h5><b>Kim jeste\u015bmy?<\/b><\/h5><div><br><\/div>\n<p>Jeste\u015bmy firm\u0105 dzia\u0142aj\u0105c\u0105 w bran\u017cy automatyki przemys\u0142owej zajmuj\u0105c\u0105 si\u0119 projektowaniem, uruchamianiem oraz wdra\u017caniem dedykowanych rozwi\u0105za\u0144 automatyki dla wszystkich ga\u0142\u0119zi przemys\u0142u. Wsz\u0119dzie tam gdzie do procesu automatyzacji trzeba podej\u015b\u0107 indywidualnie tworzymy maszyny, fragmenty linii produkcyjnych lub kompleksowe linie technologiczne. Nasza praktyka zawodowa, kt\u00f3r\u0105 wykorzystujemy w tworzeniu nowoczesnych rozwi\u0105za\u0144 dla r\u00f3\u017cnych ga\u0142\u0119zi biznesu oparta jest na wieloletnim do\u015bwiadczeniu zdobytym w r\u00f3\u017cnorodnych \u015brodowiskach pracy zwi\u0105zanych z automatyk\u0105 i robotyk\u0105.<\/p>\n<p>Jeste\u015bmy pasjonatami, kt\u00f3rzy swoje kompetencje przek\u0142adaj\u0105 na innowacyjne rozwi\u0105zania w budowie i konstrukcji maszyn. Nie wi\u0105\u017cemy si\u0119 na sta\u0142e z jedn\u0105 konkretn\u0105 ga\u0142\u0119zi\u0105 przemys\u0142u. Z powodzeniem wdro\u017cyli\u015bmy ju\u017c kilkadziesi\u0105t projekt\u00f3w dla r\u00f3\u017cnych sektor\u00f3w takich jak CPG, Automotive, Food &amp; Beverage, Life Science.<\/p>\n<h5><strong>Wascon to przede wszystkim:<\/strong><\/h5><div><br><\/div>\n<ul>\n<li>\n<p><strong>Profesjonalizm<\/strong> \u2013 konstruujemy i budujemy maszyny z dba\u0142o\u015bci\u0105 o ka\u017cdy szczeg\u00f3\u0142. Nasze do\u015bwiadczenie i bogaty zbi\u00f3r dobrych praktyk tworz\u0105 bezpieczny scenariusz dla ka\u017cdego projektu.<\/p>\n<\/li>\n<li>\n<p><strong>Kreatywno\u015b\u0107<\/strong> \u2013 zawsze poszukujemy najlepszego i najbardziej optymalnego rozwi\u0105zania satysfakcjonuj\u0105cego zar\u00f3wno naszego Partnera biznesowego jak i nas samych.<\/p>\n<\/li>\n<li>\n<p><strong>Rozw\u00f3j<\/strong> \u2013 w naszych projektach i realizacjach stawiamy sobie coraz wi\u0119ksze wyzwania. Stale doskonalimy swoje umiej\u0119tno\u015bci i kompetencje reaguj\u0105c na potrzeby rynkowe.<\/p>\n<\/li>\n<li>\n<p><strong>Relacyjno\u015b\u0107<\/strong> \u2013 dbamy o relacje, kt\u00f3re pozwalaj\u0105 naszym Klientom ze swobod\u0105 m\u00f3wi\u0107 o jego oczekiwaniach dla pe\u0142nego zrozumienia i satysfakcji realizowanego projektu.<\/p>\n<\/li>\n<li>\n<p><strong>Wsp\u00f3\u0142praca zespo\u0142owa<\/strong> \u2013 mocno wierzymy w to, \u017ce odpowiednia atmosfera i wsp\u00f3\u0142praca w zespole jest namiastk\u0105 sukcesu.<\/p>\n<\/li>\n<\/ul>\t\t\t\t\t\t<\/div>\n\t\t\t\t<\/div>\n\t\t\t\t\t<\/div>\n\t\t<\/div>\n\t\t\t\t\t\t\t<\/div>\n\t\t<\/section>\n\t\t\t\t<section class=\"elementor-section elementor-top-section elementor-element elementor-element-08f89be elementor-section-boxed elementor-section-height-default elementor-section-height-default\" data-id=\"08f89be\" data-element_type=\"section\">\n\t\t\t\t\t\t<div class=\"elementor-container elementor-column-gap-default\">\n\t\t\t\t\t<div class=\"elementor-column elementor-col-50 elementor-top-column elementor-element elementor-element-7e1204d\" data-id=\"7e1204d\" data-element_type=\"column\">\n\t\t\t<div class=\"elementor-widget-wrap elementor-element-populated\">\n\t\t\t\t\t\t\t\t<div class=\"elementor-element elementor-element-f6865ef elementor-widget elementor-widget-text-editor\" data-id=\"f6865ef\" data-element_type=\"widget\" data-widget_type=\"text-editor.default\">\n\t\t\t\t<div class=\"elementor-widget-container\">\n\t\t\t\t\t\t\t<h6><em><span class=\"d2edcug0 hpfvmrgz qv66sw1b c1et5uql lr9zc1uh a8c37x1j fe6kdd0r mau55g9w c8b282yb keod5gw0 nxhoafnm aigsh9s9 d3f4x2em iv3no6db jq4qci2q a3bd9o3v b1v8xokw oo9gr5id\" dir=\"auto\"><strong>Tomasz Side\u0142ko &#8211; (Kierownik dzia\u0142u programistycznego)<\/strong><\/span><\/em><\/h6><div>\u00a0<\/div><p><em><span class=\"d2edcug0 hpfvmrgz qv66sw1b c1et5uql lr9zc1uh a8c37x1j fe6kdd0r mau55g9w c8b282yb keod5gw0 nxhoafnm aigsh9s9 d3f4x2em iv3no6db jq4qci2q a3bd9o3v b1v8xokw oo9gr5id\" dir=\"auto\">&#8220;Szczerze musz\u0119 przyzna\u0107, \u017ce projekty robotyczne s\u0105 tym fragmentem automatyki przemys\u0142owej, kt\u00f3ry najlepiej wpisuje si\u0119 w obszar moich zainteresowa\u0144. Do\u015bwiadczenie w tej materii zbieram ju\u017c ponad 10 lat. Mo\u017cna powiedzie\u0107, \u017ce przeszed\u0142em w tym okresie wi\u0119kszo\u015b\u0107 mo\u017cliwych szczebli zatrudnienia od montera szaf sterowniczych poprzez programist\u0119 kompleksowych system\u00f3w robotyki zar\u00f3wno w trybie offline jak i online a moim ostatnim do\u015bwiadczeniem przed Wascon&#8217;em by\u0142o zarz\u0105dzanie zespo\u0142em sprzeda\u017cy dedykowanym dla klient\u00f3w ko\u0144cowych. <\/span><\/em><\/p><p><em>W dniu dzisiejszym chcia\u0142bym podzieli\u0107 si\u0119 z Pa\u0144stwem tym do\u015bwiadczeniem realizuj\u0105c wsp\u00f3lne za\u0142o\u017cenia projektowe. W biznesie zwracam uwag\u0119 na punktualno\u015b\u0107 i precyzyjne przygotowanie, bardzo wiele znaczy dla mnie terminowe wywi\u0105zywanie si\u0119 z obustronnych ustale\u0144.<\/em><\/p><p><em>Bardziej od pracy z maszynami lubi\u0119 pracowa\u0107 z lud\u017ami, mam przekonanie, \u017ce konstruktywna dyskusja jest w stanie rozwi\u0105za\u0107 ka\u017cd\u0105 zagadk\u0119. Po pracy jestem wielkim mi\u0142o\u015bnikiem sport\u00f3w wodnych w szczeg\u00f3lno\u015bci windsurfingu, nawet wtedy kiedy jest zimno !&#8221;<\/em><\/p>\t\t\t\t\t\t<\/div>\n\t\t\t\t<\/div>\n\t\t\t\t\t<\/div>\n\t\t<\/div>\n\t\t\t\t<div class=\"elementor-column elementor-col-50 elementor-top-column elementor-element elementor-element-65436ff\" data-id=\"65436ff\" data-element_type=\"column\">\n\t\t\t<div class=\"elementor-widget-wrap elementor-element-populated\">\n\t\t\t\t\t\t\t\t<div class=\"elementor-element elementor-element-2efcc68 elementor-widget elementor-widget-text-editor\" data-id=\"2efcc68\" data-element_type=\"widget\" data-widget_type=\"text-editor.default\">\n\t\t\t\t<div class=\"elementor-widget-container\">\n\t\t\t\t\t\t\t<h6><em><span class=\"d2edcug0 hpfvmrgz qv66sw1b c1et5uql lr9zc1uh a8c37x1j fe6kdd0r mau55g9w c8b282yb keod5gw0 nxhoafnm aigsh9s9 d3f4x2em iv3no6db jq4qci2q a3bd9o3v b1v8xokw oo9gr5id\" dir=\"auto\"><strong>Kamil Kulawiec &#8211; (Kierownik dzia\u0142u konstrukcji)<\/strong><\/span><\/em><\/h6>\n<div><br><\/div>\n<p><em><span class=\"d2edcug0 hpfvmrgz qv66sw1b c1et5uql lr9zc1uh a8c37x1j fe6kdd0r mau55g9w c8b282yb keod5gw0 nxhoafnm aigsh9s9 d3f4x2em iv3no6db jq4qci2q a3bd9o3v b1v8xokw oo9gr5id\" dir=\"auto\">&#8220;Od najm\u0142odszych lat interesuje si\u0119 technik\u0105. Zawsze musia\u0142em sprawdzi\u0107 i zrozumie\u0107 &#8220;Jak to dzia\u0142a&#8221;. Dzi\u0119ki temu, \u017ce po prostu lubi\u0119 konstruowa\u0107, mog\u0119 pochwali\u0107 si\u0119 realizacj\u0105 projekt\u00f3w urz\u0105dze\u0144 AGD, pojazd\u00f3w elektrycznych, system\u00f3w magazynowania energii oraz automatycznego magazynowania. Od ponad 5 lat konstruuj\u0119 linie produkcyjne, g\u0142ownie dla bran\u017cy medycznej i spo\u017cywczej. Ka\u017cdy nowy proces wymagaj\u0105cy stworzenia koncepcji od zera traktuj\u0119 jako wyzwanie, gdzie mog\u0119 rozwija\u0107 swoj\u0105 kreatywno\u015b\u0107 i innowacyjne rozwi\u0105zania.<\/span><\/em><\/p>\n<p><em><span class=\"d2edcug0 hpfvmrgz qv66sw1b c1et5uql lr9zc1uh a8c37x1j fe6kdd0r mau55g9w c8b282yb keod5gw0 nxhoafnm aigsh9s9 d3f4x2em iv3no6db jq4qci2q a3bd9o3v b1v8xokw oo9gr5id\" dir=\"auto\">W codziennej pracy zwracam szczeg\u00f3ln\u0105 uwag\u0119 na dok\u0142adne okre\u015blenie wymaga\u0144 i ich precyzyjn\u0105 realizacj\u0119. Uwa\u017cam, \u017ce w procesie projektowania kluczowe jest wyznaczanie elementarnych cel\u00f3w i stopniowa ich realizacja. Priorytetem jest dla mnie bezpiecze\u0144stwo i ergonomia konstruowanych maszyn.<\/span><\/em><\/p>\n<p><em><span class=\"d2edcug0 hpfvmrgz qv66sw1b c1et5uql lr9zc1uh a8c37x1j fe6kdd0r mau55g9w c8b282yb keod5gw0 nxhoafnm aigsh9s9 d3f4x2em iv3no6db jq4qci2q a3bd9o3v b1v8xokw oo9gr5id\" dir=\"auto\">Uwielbiam prace mechaniczne, wolne chwile sp\u0119dzam z rodzin\u0105 lub w gara\u017cu remontuj\u0105c motocykle. &#8221;&nbsp; <\/span><span class=\"d2edcug0 hpfvmrgz qv66sw1b c1et5uql lr9zc1uh a8c37x1j fe6kdd0r mau55g9w c8b282yb keod5gw0 nxhoafnm aigsh9s9 d3f4x2em iv3no6db jq4qci2q a3bd9o3v b1v8xokw oo9gr5id\" dir=\"auto\"><br><\/span><\/em><\/p>\n<p><em><span class=\"d2edcug0 hpfvmrgz qv66sw1b c1et5uql lr9zc1uh a8c37x1j fe6kdd0r mau55g9w c8b282yb keod5gw0 nxhoafnm aigsh9s9 d3f4x2em iv3no6db jq4qci2q a3bd9o3v b1v8xokw oo9gr5id\" dir=\"auto\">&nbsp;<\/span><\/em><\/p>\n<p><\/p>\t\t\t\t\t\t<\/div>\n\t\t\t\t<\/div>\n\t\t\t\t\t<\/div>\n\t\t<\/div>\n\t\t\t\t\t\t\t<\/div>\n\t\t<\/section>\n\t\t\t\t\t\t<\/div>\n\t\t\t\t\t<\/div>\n\t\t","protected":false},"excerpt":{"rendered":"<p>O nasKim jeste\u015bmy? Jeste\u015bmy firm\u0105 dzia\u0142aj\u0105c\u0105 w bran\u017cy automatyki przemys\u0142owej zajmuj\u0105c\u0105 si\u0119 projektowaniem, uruchamianiem oraz wdra\u017caniem dedykowanych rozwi\u0105za\u0144 automatyki dla wszystkich ga\u0142\u0119zi przemys\u0142u. Wsz\u0119dzie tam gdzie do procesu automatyzacji trzeba podej\u015b\u0107 indywidualnie tworzymy maszyny, fragmenty linii produkcyjnych lub kompleksowe linie technologiczne. Nasza praktyka zawodowa, kt\u00f3r\u0105 wykorzystujemy w tworzeniu nowoczesnych rozwi\u0105za\u0144 dla r\u00f3\u017cnych ga\u0142\u0119zi biznesu oparta [&hellip;]<\/p>\n","protected":false},"author":1,"featured_media":0,"parent":0,"menu_order":0,"comment_status":"closed","ping_status":"closed","template":"","meta":{"_mi_skip_tracking":false,"footnotes":""},"class_list":["post-201","page","type-page","status-publish","hentry"],"acf":[],"yoast_head":"<!-- This site is optimized with the Yoast SEO plugin v17.9 - https:\/\/yoast.com\/wordpress\/plugins\/seo\/ -->\n<title>O nas - WASCON<\/title>\n<meta name=\"robots\" content=\"index, follow, max-snippet:-1, max-image-preview:large, max-video-preview:-1\" \/>\n<link rel=\"canonical\" href=\"http:\/\/wascon.pl\/?page_id=201\" \/>\n<meta property=\"og:locale\" content=\"pl_PL\" \/>\n<meta property=\"og:type\" content=\"article\" \/>\n<meta property=\"og:title\" content=\"O nas - WASCON\" \/>\n<meta property=\"og:description\" content=\"O nasKim jeste\u015bmy? Jeste\u015bmy firm\u0105 dzia\u0142aj\u0105c\u0105 w bran\u017cy automatyki przemys\u0142owej zajmuj\u0105c\u0105 si\u0119 projektowaniem, uruchamianiem oraz wdra\u017caniem dedykowanych rozwi\u0105za\u0144 automatyki dla wszystkich ga\u0142\u0119zi przemys\u0142u. Wsz\u0119dzie tam gdzie do procesu automatyzacji trzeba podej\u015b\u0107 indywidualnie tworzymy maszyny, fragmenty linii produkcyjnych lub kompleksowe linie technologiczne. Nasza praktyka zawodowa, kt\u00f3r\u0105 wykorzystujemy w tworzeniu nowoczesnych rozwi\u0105za\u0144 dla r\u00f3\u017cnych ga\u0142\u0119zi biznesu oparta [&hellip;]\" \/>\n<meta property=\"og:url\" content=\"http:\/\/wascon.pl\/?page_id=201\" \/>\n<meta property=\"og:site_name\" content=\"WASCON\" \/>\n<meta property=\"article:modified_time\" content=\"2022-02-15T22:40:28+00:00\" \/>\n<meta name=\"twitter:card\" content=\"summary_large_image\" \/>\n<meta name=\"twitter:label1\" content=\"Szacowany czas czytania\" \/>\n\t<meta name=\"twitter:data1\" content=\"3 minuty\" \/>\n<script type=\"application\/ld+json\" class=\"yoast-schema-graph\">{\"@context\":\"https:\/\/schema.org\",\"@graph\":[{\"@type\":\"WebSite\",\"@id\":\"http:\/\/wascon.pl\/#website\",\"url\":\"http:\/\/wascon.pl\/\",\"name\":\"WASCON\",\"description\":\"Automatyka Przemyslowa\",\"potentialAction\":[{\"@type\":\"SearchAction\",\"target\":{\"@type\":\"EntryPoint\",\"urlTemplate\":\"http:\/\/wascon.pl\/?s={search_term_string}\"},\"query-input\":\"required name=search_term_string\"}],\"inLanguage\":\"pl-PL\"},{\"@type\":\"WebPage\",\"@id\":\"http:\/\/wascon.pl\/?page_id=201#webpage\",\"url\":\"http:\/\/wascon.pl\/?page_id=201\",\"name\":\"O nas - WASCON\",\"isPartOf\":{\"@id\":\"http:\/\/wascon.pl\/#website\"},\"datePublished\":\"2022-01-21T17:46:05+00:00\",\"dateModified\":\"2022-02-15T22:40:28+00:00\",\"breadcrumb\":{\"@id\":\"http:\/\/wascon.pl\/?page_id=201#breadcrumb\"},\"inLanguage\":\"pl-PL\",\"potentialAction\":[{\"@type\":\"ReadAction\",\"target\":[\"http:\/\/wascon.pl\/?page_id=201\"]}]},{\"@type\":\"BreadcrumbList\",\"@id\":\"http:\/\/wascon.pl\/?page_id=201#breadcrumb\",\"itemListElement\":[{\"@type\":\"ListItem\",\"position\":1,\"name\":\"Strona g\\u0142\\u00f3wna\",\"item\":\"http:\/\/wascon.pl\/\"},{\"@type\":\"ListItem\",\"position\":2,\"name\":\"O nas\"}]}]}<\/script>\n<!-- \/ Yoast SEO plugin. -->","yoast_head_json":{"title":"O nas - WASCON","robots":{"index":"index","follow":"follow","max-snippet":"max-snippet:-1","max-image-preview":"max-image-preview:large","max-video-preview":"max-video-preview:-1"},"canonical":"http:\/\/wascon.pl\/?page_id=201","og_locale":"pl_PL","og_type":"article","og_title":"O nas - WASCON","og_description":"O nasKim jeste\u015bmy? Jeste\u015bmy firm\u0105 dzia\u0142aj\u0105c\u0105 w bran\u017cy automatyki przemys\u0142owej zajmuj\u0105c\u0105 si\u0119 projektowaniem, uruchamianiem oraz wdra\u017caniem dedykowanych rozwi\u0105za\u0144 automatyki dla wszystkich ga\u0142\u0119zi przemys\u0142u. Wsz\u0119dzie tam gdzie do procesu automatyzacji trzeba podej\u015b\u0107 indywidualnie tworzymy maszyny, fragmenty linii produkcyjnych lub kompleksowe linie technologiczne. Nasza praktyka zawodowa, kt\u00f3r\u0105 wykorzystujemy w tworzeniu nowoczesnych rozwi\u0105za\u0144 dla r\u00f3\u017cnych ga\u0142\u0119zi biznesu oparta [&hellip;]","og_url":"http:\/\/wascon.pl\/?page_id=201","og_site_name":"WASCON","article_modified_time":"2022-02-15T22:40:28+00:00","twitter_card":"summary_large_image","twitter_misc":{"Szacowany czas czytania":"3 minuty"},"schema":{"@context":"https:\/\/schema.org","@graph":[{"@type":"WebSite","@id":"http:\/\/wascon.pl\/#website","url":"http:\/\/wascon.pl\/","name":"WASCON","description":"Automatyka Przemyslowa","potentialAction":[{"@type":"SearchAction","target":{"@type":"EntryPoint","urlTemplate":"http:\/\/wascon.pl\/?s={search_term_string}"},"query-input":"required name=search_term_string"}],"inLanguage":"pl-PL"},{"@type":"WebPage","@id":"http:\/\/wascon.pl\/?page_id=201#webpage","url":"http:\/\/wascon.pl\/?page_id=201","name":"O nas - WASCON","isPartOf":{"@id":"http:\/\/wascon.pl\/#website"},"datePublished":"2022-01-21T17:46:05+00:00","dateModified":"2022-02-15T22:40:28+00:00","breadcrumb":{"@id":"http:\/\/wascon.pl\/?page_id=201#breadcrumb"},"inLanguage":"pl-PL","potentialAction":[{"@type":"ReadAction","target":["http:\/\/wascon.pl\/?page_id=201"]}]},{"@type":"BreadcrumbList","@id":"http:\/\/wascon.pl\/?page_id=201#breadcrumb","itemListElement":[{"@type":"ListItem","position":1,"name":"Strona g\u0142\u00f3wna","item":"http:\/\/wascon.pl\/"},{"@type":"ListItem","position":2,"name":"O nas"}]}]}},"_links":{"self":[{"href":"http:\/\/wascon.pl\/index.php?rest_route=\/wp\/v2\/pages\/201","targetHints":{"allow":["GET"]}}],"collection":[{"href":"http:\/\/wascon.pl\/index.php?rest_route=\/wp\/v2\/pages"}],"about":[{"href":"http:\/\/wascon.pl\/index.php?rest_route=\/wp\/v2\/types\/page"}],"author":[{"embeddable":true,"href":"http:\/\/wascon.pl\/index.php?rest_route=\/wp\/v2\/users\/1"}],"replies":[{"embeddable":true,"href":"http:\/\/wascon.pl\/index.php?rest_route=%2Fwp%2Fv2%2Fcomments&post=201"}],"version-history":[{"count":40,"href":"http:\/\/wascon.pl\/index.php?rest_route=\/wp\/v2\/pages\/201\/revisions"}],"predecessor-version":[{"id":457,"href":"http:\/\/wascon.pl\/index.php?rest_route=\/wp\/v2\/pages\/201\/revisions\/457"}],"wp:attachment":[{"href":"http:\/\/wascon.pl\/index.php?rest_route=%2Fwp%2Fv2%2Fmedia&parent=201"}],"curies":[{"name":"wp","href":"https:\/\/api.w.org\/{rel}","templated":true}]}}