{"id":32,"date":"2022-01-17T17:14:18","date_gmt":"2022-01-17T16:14:18","guid":{"rendered":"http:\/\/wascon.pl\/?page_id=32"},"modified":"2022-02-15T18:23:00","modified_gmt":"2022-02-15T17:23:00","slug":"kariera","status":"publish","type":"page","link":"http:\/\/wascon.pl\/?page_id=32","title":{"rendered":"Kariera"},"content":{"rendered":"\t\t<div data-elementor-type=\"wp-page\" data-elementor-id=\"32\" class=\"elementor elementor-32\" data-elementor-settings=\"[]\">\n\t\t\t\t\t\t\t<div class=\"elementor-section-wrap\">\n\t\t\t\t\t\t\t<section class=\"elementor-section elementor-top-section elementor-element elementor-element-9366eba elementor-section-boxed elementor-section-height-default elementor-section-height-default\" data-id=\"9366eba\" data-element_type=\"section\">\n\t\t\t\t\t\t<div class=\"elementor-container elementor-column-gap-default\">\n\t\t\t\t\t<div class=\"elementor-column elementor-col-100 elementor-top-column elementor-element elementor-element-42ed805\" data-id=\"42ed805\" data-element_type=\"column\">\n\t\t\t<div class=\"elementor-widget-wrap elementor-element-populated\">\n\t\t\t\t\t\t\t\t<div class=\"elementor-element elementor-element-5400216 elementor-widget elementor-widget-text-editor\" data-id=\"5400216\" data-element_type=\"widget\" data-widget_type=\"text-editor.default\">\n\t\t\t\t<div class=\"elementor-widget-container\">\n\t\t\t<style>\/*! elementor - v3.5.3 - 28-12-2021 *\/\n.elementor-widget-text-editor.elementor-drop-cap-view-stacked .elementor-drop-cap{background-color:#818a91;color:#fff}.elementor-widget-text-editor.elementor-drop-cap-view-framed .elementor-drop-cap{color:#818a91;border:3px solid;background-color:transparent}.elementor-widget-text-editor:not(.elementor-drop-cap-view-default) .elementor-drop-cap{margin-top:8px}.elementor-widget-text-editor:not(.elementor-drop-cap-view-default) .elementor-drop-cap-letter{width:1em;height:1em}.elementor-widget-text-editor .elementor-drop-cap{float:left;text-align:center;line-height:1;font-size:50px}.elementor-widget-text-editor .elementor-drop-cap-letter{display:inline-block}<\/style>\t\t\t\t<h2>Kariera<\/h2>\t\t\t\t\t\t<\/div>\n\t\t\t\t<\/div>\n\t\t\t\t<div class=\"elementor-element elementor-element-b405221 elementor-widget elementor-widget-text-editor\" data-id=\"b405221\" data-element_type=\"widget\" data-widget_type=\"text-editor.default\">\n\t\t\t\t<div class=\"elementor-widget-container\">\n\t\t\t\t\t\t\t<h3>Do\u0142\u0105cz do naszego zespo\u0142u !<\/h3>\t\t\t\t\t\t<\/div>\n\t\t\t\t<\/div>\n\t\t\t\t\t<\/div>\n\t\t<\/div>\n\t\t\t\t\t\t\t<\/div>\n\t\t<\/section>\n\t\t\t\t<section class=\"elementor-section elementor-top-section elementor-element elementor-element-459670c elementor-section-boxed elementor-section-height-default elementor-section-height-default\" data-id=\"459670c\" data-element_type=\"section\">\n\t\t\t\t\t\t<div class=\"elementor-container elementor-column-gap-default\">\n\t\t\t\t\t<div class=\"elementor-column elementor-col-100 elementor-top-column elementor-element elementor-element-bbba2e6\" data-id=\"bbba2e6\" data-element_type=\"column\">\n\t\t\t<div class=\"elementor-widget-wrap elementor-element-populated\">\n\t\t\t\t\t\t\t\t<div class=\"elementor-element elementor-element-98e322e elementor-widget elementor-widget-image\" data-id=\"98e322e\" data-element_type=\"widget\" data-widget_type=\"image.default\">\n\t\t\t\t<div class=\"elementor-widget-container\">\n\t\t\t<style>\/*! elementor - v3.5.3 - 28-12-2021 *\/\n.elementor-widget-image{text-align:center}.elementor-widget-image a{display:inline-block}.elementor-widget-image a img[src$=\".svg\"]{width:48px}.elementor-widget-image img{vertical-align:middle;display:inline-block}<\/style>\t\t\t\t\t\t\t\t\t\t\t\t<img loading=\"lazy\" decoding=\"async\" width=\"651\" height=\"801\" src=\"http:\/\/wascon.pl\/wp-content\/uploads\/2022\/02\/Mlodszy-Automatyk.jpg\" class=\"attachment-full size-full\" alt=\"\" srcset=\"http:\/\/wascon.pl\/wp-content\/uploads\/2022\/02\/Mlodszy-Automatyk.jpg 651w, http:\/\/wascon.pl\/wp-content\/uploads\/2022\/02\/Mlodszy-Automatyk-244x300.jpg 244w\" sizes=\"auto, (max-width: 651px) 100vw, 651px\" \/>\t\t\t\t\t\t\t\t\t\t\t\t\t\t\t<\/div>\n\t\t\t\t<\/div>\n\t\t\t\t\t<\/div>\n\t\t<\/div>\n\t\t\t\t\t\t\t<\/div>\n\t\t<\/section>\n\t\t\t\t<section class=\"elementor-section elementor-top-section elementor-element elementor-element-b48b393 elementor-section-boxed elementor-section-height-default elementor-section-height-default\" data-id=\"b48b393\" data-element_type=\"section\">\n\t\t\t\t\t\t<div class=\"elementor-container elementor-column-gap-default\">\n\t\t\t\t\t<div class=\"elementor-column elementor-col-100 elementor-top-column elementor-element elementor-element-e0c0658\" data-id=\"e0c0658\" data-element_type=\"column\">\n\t\t\t<div class=\"elementor-widget-wrap elementor-element-populated\">\n\t\t\t\t\t\t\t\t<div class=\"elementor-element elementor-element-ccb3087 elementor-widget elementor-widget-image\" data-id=\"ccb3087\" data-element_type=\"widget\" data-widget_type=\"image.default\">\n\t\t\t\t<div class=\"elementor-widget-container\">\n\t\t\t\t\t\t\t\t\t\t\t\t\t\t\t<img loading=\"lazy\" decoding=\"async\" width=\"653\" height=\"842\" src=\"http:\/\/wascon.pl\/wp-content\/uploads\/2022\/02\/Mlodszy-Konstruktor.jpg\" class=\"attachment-full size-full\" alt=\"\" srcset=\"http:\/\/wascon.pl\/wp-content\/uploads\/2022\/02\/Mlodszy-Konstruktor.jpg 653w, http:\/\/wascon.pl\/wp-content\/uploads\/2022\/02\/Mlodszy-Konstruktor-233x300.jpg 233w\" sizes=\"auto, (max-width: 653px) 100vw, 653px\" \/>\t\t\t\t\t\t\t\t\t\t\t\t\t\t\t<\/div>\n\t\t\t\t<\/div>\n\t\t\t\t\t<\/div>\n\t\t<\/div>\n\t\t\t\t\t\t\t<\/div>\n\t\t<\/section>\n\t\t\t\t\t\t<\/div>\n\t\t\t\t\t<\/div>\n\t\t","protected":false},"excerpt":{"rendered":"<p>KarieraDo\u0142\u0105cz do naszego zespo\u0142u !<\/p>\n","protected":false},"author":1,"featured_media":0,"parent":0,"menu_order":0,"comment_status":"closed","ping_status":"closed","template":"","meta":{"_mi_skip_tracking":false,"footnotes":""},"class_list":["post-32","page","type-page","status-publish","hentry"],"acf":[],"yoast_head":"<!-- This site is optimized with the Yoast SEO plugin v17.9 - https:\/\/yoast.com\/wordpress\/plugins\/seo\/ -->\n<title>Kariera - WASCON<\/title>\n<meta name=\"robots\" content=\"index, follow, max-snippet:-1, max-image-preview:large, max-video-preview:-1\" \/>\n<link rel=\"canonical\" href=\"http:\/\/wascon.pl\/?page_id=32\" \/>\n<meta property=\"og:locale\" content=\"pl_PL\" \/>\n<meta property=\"og:type\" content=\"article\" \/>\n<meta property=\"og:title\" content=\"Kariera - WASCON\" \/>\n<meta property=\"og:description\" content=\"KarieraDo\u0142\u0105cz do naszego zespo\u0142u !\" \/>\n<meta property=\"og:url\" content=\"http:\/\/wascon.pl\/?page_id=32\" \/>\n<meta property=\"og:site_name\" content=\"WASCON\" \/>\n<meta property=\"article:modified_time\" content=\"2022-02-15T17:23:00+00:00\" \/>\n<meta property=\"og:image\" content=\"http:\/\/wascon.pl\/wp-content\/uploads\/2022\/02\/Mlodszy-Automatyk.jpg\" \/>\n<meta name=\"twitter:card\" content=\"summary_large_image\" \/>\n<meta name=\"twitter:label1\" content=\"Szacowany czas czytania\" \/>\n\t<meta name=\"twitter:data1\" content=\"1 minuta\" \/>\n<script type=\"application\/ld+json\" class=\"yoast-schema-graph\">{\"@context\":\"https:\/\/schema.org\",\"@graph\":[{\"@type\":\"WebSite\",\"@id\":\"http:\/\/wascon.pl\/#website\",\"url\":\"http:\/\/wascon.pl\/\",\"name\":\"WASCON\",\"description\":\"Automatyka Przemyslowa\",\"potentialAction\":[{\"@type\":\"SearchAction\",\"target\":{\"@type\":\"EntryPoint\",\"urlTemplate\":\"http:\/\/wascon.pl\/?s={search_term_string}\"},\"query-input\":\"required name=search_term_string\"}],\"inLanguage\":\"pl-PL\"},{\"@type\":\"ImageObject\",\"@id\":\"http:\/\/wascon.pl\/?page_id=32#primaryimage\",\"inLanguage\":\"pl-PL\",\"url\":\"http:\/\/wascon.pl\/wp-content\/uploads\/2022\/02\/Mlodszy-Automatyk.jpg\",\"contentUrl\":\"http:\/\/wascon.pl\/wp-content\/uploads\/2022\/02\/Mlodszy-Automatyk.jpg\",\"width\":651,\"height\":801},{\"@type\":\"WebPage\",\"@id\":\"http:\/\/wascon.pl\/?page_id=32#webpage\",\"url\":\"http:\/\/wascon.pl\/?page_id=32\",\"name\":\"Kariera - WASCON\",\"isPartOf\":{\"@id\":\"http:\/\/wascon.pl\/#website\"},\"primaryImageOfPage\":{\"@id\":\"http:\/\/wascon.pl\/?page_id=32#primaryimage\"},\"datePublished\":\"2022-01-17T16:14:18+00:00\",\"dateModified\":\"2022-02-15T17:23:00+00:00\",\"breadcrumb\":{\"@id\":\"http:\/\/wascon.pl\/?page_id=32#breadcrumb\"},\"inLanguage\":\"pl-PL\",\"potentialAction\":[{\"@type\":\"ReadAction\",\"target\":[\"http:\/\/wascon.pl\/?page_id=32\"]}]},{\"@type\":\"BreadcrumbList\",\"@id\":\"http:\/\/wascon.pl\/?page_id=32#breadcrumb\",\"itemListElement\":[{\"@type\":\"ListItem\",\"position\":1,\"name\":\"Strona g\\u0142\\u00f3wna\",\"item\":\"http:\/\/wascon.pl\/\"},{\"@type\":\"ListItem\",\"position\":2,\"name\":\"Kariera\"}]}]}<\/script>\n<!-- \/ Yoast SEO plugin. -->","yoast_head_json":{"title":"Kariera - WASCON","robots":{"index":"index","follow":"follow","max-snippet":"max-snippet:-1","max-image-preview":"max-image-preview:large","max-video-preview":"max-video-preview:-1"},"canonical":"http:\/\/wascon.pl\/?page_id=32","og_locale":"pl_PL","og_type":"article","og_title":"Kariera - WASCON","og_description":"KarieraDo\u0142\u0105cz do naszego zespo\u0142u !","og_url":"http:\/\/wascon.pl\/?page_id=32","og_site_name":"WASCON","article_modified_time":"2022-02-15T17:23:00+00:00","og_image":[{"url":"http:\/\/wascon.pl\/wp-content\/uploads\/2022\/02\/Mlodszy-Automatyk.jpg"}],"twitter_card":"summary_large_image","twitter_misc":{"Szacowany czas czytania":"1 minuta"},"schema":{"@context":"https:\/\/schema.org","@graph":[{"@type":"WebSite","@id":"http:\/\/wascon.pl\/#website","url":"http:\/\/wascon.pl\/","name":"WASCON","description":"Automatyka Przemyslowa","potentialAction":[{"@type":"SearchAction","target":{"@type":"EntryPoint","urlTemplate":"http:\/\/wascon.pl\/?s={search_term_string}"},"query-input":"required name=search_term_string"}],"inLanguage":"pl-PL"},{"@type":"ImageObject","@id":"http:\/\/wascon.pl\/?page_id=32#primaryimage","inLanguage":"pl-PL","url":"http:\/\/wascon.pl\/wp-content\/uploads\/2022\/02\/Mlodszy-Automatyk.jpg","contentUrl":"http:\/\/wascon.pl\/wp-content\/uploads\/2022\/02\/Mlodszy-Automatyk.jpg","width":651,"height":801},{"@type":"WebPage","@id":"http:\/\/wascon.pl\/?page_id=32#webpage","url":"http:\/\/wascon.pl\/?page_id=32","name":"Kariera - WASCON","isPartOf":{"@id":"http:\/\/wascon.pl\/#website"},"primaryImageOfPage":{"@id":"http:\/\/wascon.pl\/?page_id=32#primaryimage"},"datePublished":"2022-01-17T16:14:18+00:00","dateModified":"2022-02-15T17:23:00+00:00","breadcrumb":{"@id":"http:\/\/wascon.pl\/?page_id=32#breadcrumb"},"inLanguage":"pl-PL","potentialAction":[{"@type":"ReadAction","target":["http:\/\/wascon.pl\/?page_id=32"]}]},{"@type":"BreadcrumbList","@id":"http:\/\/wascon.pl\/?page_id=32#breadcrumb","itemListElement":[{"@type":"ListItem","position":1,"name":"Strona g\u0142\u00f3wna","item":"http:\/\/wascon.pl\/"},{"@type":"ListItem","position":2,"name":"Kariera"}]}]}},"_links":{"self":[{"href":"http:\/\/wascon.pl\/index.php?rest_route=\/wp\/v2\/pages\/32","targetHints":{"allow":["GET"]}}],"collection":[{"href":"http:\/\/wascon.pl\/index.php?rest_route=\/wp\/v2\/pages"}],"about":[{"href":"http:\/\/wascon.pl\/index.php?rest_route=\/wp\/v2\/types\/page"}],"author":[{"embeddable":true,"href":"http:\/\/wascon.pl\/index.php?rest_route=\/wp\/v2\/users\/1"}],"replies":[{"embeddable":true,"href":"http:\/\/wascon.pl\/index.php?rest_route=%2Fwp%2Fv2%2Fcomments&post=32"}],"version-history":[{"count":29,"href":"http:\/\/wascon.pl\/index.php?rest_route=\/wp\/v2\/pages\/32\/revisions"}],"predecessor-version":[{"id":440,"href":"http:\/\/wascon.pl\/index.php?rest_route=\/wp\/v2\/pages\/32\/revisions\/440"}],"wp:attachment":[{"href":"http:\/\/wascon.pl\/index.php?rest_route=%2Fwp%2Fv2%2Fmedia&parent=32"}],"curies":[{"name":"wp","href":"https:\/\/api.w.org\/{rel}","templated":true}]}}