{"id":52,"date":"2022-01-17T18:06:44","date_gmt":"2022-01-17T17:06:44","guid":{"rendered":"http:\/\/wascon.pl\/?page_id=52"},"modified":"2022-08-23T16:30:10","modified_gmt":"2022-08-23T14:30:10","slug":"main","status":"publish","type":"page","link":"http:\/\/wascon.pl\/","title":{"rendered":"Strona g\u0142\u00f3wna"},"content":{"rendered":"\t\t<div data-elementor-type=\"wp-post\" data-elementor-id=\"52\" class=\"elementor elementor-52\" data-elementor-settings=\"[]\">\n\t\t\t\t\t\t\t<div class=\"elementor-section-wrap\">\n\t\t\t\t\t\t\t<section class=\"elementor-section elementor-top-section elementor-element elementor-element-bee3f57 elementor-section-boxed elementor-section-height-default elementor-section-height-default\" data-id=\"bee3f57\" data-element_type=\"section\">\n\t\t\t\t\t\t<div class=\"elementor-container elementor-column-gap-default\">\n\t\t\t\t\t<div class=\"elementor-column elementor-col-100 elementor-top-column elementor-element elementor-element-3201e70\" data-id=\"3201e70\" data-element_type=\"column\">\n\t\t\t<div class=\"elementor-widget-wrap elementor-element-populated\">\n\t\t\t\t\t\t\t\t\t<\/div>\n\t\t<\/div>\n\t\t\t\t\t\t\t<\/div>\n\t\t<\/section>\n\t\t\t\t<section class=\"elementor-section elementor-top-section elementor-element elementor-element-ef1db5f elementor-section-stretched elementor-section-boxed elementor-section-height-default elementor-section-height-default\" data-id=\"ef1db5f\" data-element_type=\"section\" data-settings=\"{&quot;stretch_section&quot;:&quot;section-stretched&quot;,&quot;background_background&quot;:&quot;classic&quot;}\">\n\t\t\t\t\t\t<div class=\"elementor-container elementor-column-gap-default\">\n\t\t\t\t\t<div class=\"elementor-column elementor-col-100 elementor-top-column elementor-element elementor-element-15f8ac6\" data-id=\"15f8ac6\" data-element_type=\"column\">\n\t\t\t<div class=\"elementor-widget-wrap elementor-element-populated\">\n\t\t\t\t\t\t\t\t<div class=\"elementor-element elementor-element-67ee7c2 elementor-widget elementor-widget-spacer\" data-id=\"67ee7c2\" data-element_type=\"widget\" data-widget_type=\"spacer.default\">\n\t\t\t\t<div class=\"elementor-widget-container\">\n\t\t\t\t\t<div class=\"elementor-spacer\">\n\t\t\t<div class=\"elementor-spacer-inner\"><\/div>\n\t\t<\/div>\n\t\t\t\t<\/div>\n\t\t\t\t<\/div>\n\t\t\t\t<div class=\"elementor-element elementor-element-b1ebbb3 elementor-widget elementor-widget-section_title\" data-id=\"b1ebbb3\" data-element_type=\"widget\" data-widget_type=\"section_title.default\">\n\t\t\t\t<div class=\"elementor-widget-container\">\n\t\t\t\n\n\n\n<div class=\"pt-section-title-box text-center\">   \n   \t\t<span class=\"pt-section-sub-title\">Co ju\u017c zrobili\u015bmy<\/span>     \t<h5 class=\"pt-section-title\">Czym mo\u017cemy si\u0119 pochwali\u0107<\/h5>     \t   \n<\/div>\t\t<\/div>\n\t\t\t\t<\/div>\n\t\t\t\t<div class=\"elementor-element elementor-element-868e61b elementor-widget elementor-widget-fancybox\" data-id=\"868e61b\" data-element_type=\"widget\" data-widget_type=\"fancybox.default\">\n\t\t\t\t<div class=\"elementor-widget-container\">\n\t\t\t<div class=\" pt-fancy-box-slider pt-fancy-box-slider-1\">\n    <div class=\"owl-carousel\" data-dots=\"true\" data-nav=\"true\" data-desk_num=\"3\" data-lap_num=\"3\" data-tab_num=\"2\" data-mob_num=\"1\" data-mob_sm=\"1\" data-autoplay=\"false\" data-loop=\"true\" data-margin=\"30\">\n                        <div class=\"pt-fancybox-box\">\n                        <div class=\"pt-fancy-media\"><i class=\"far fa-address-card\"><\/i><span><\/span><\/div>                        <div class=\"pt-fancy-info\">\n                             <h5 class=\"pt-fancy-title\">Efektywna wsp\u00f3\u0142praca<\/h5>                            <p class=\"pt-fancybox-description\"><p>\u015aci\u015ble wsp\u00f3\u0142pracujemy z klientami na ka\u017cdym etapie realizacji zlecenia. W efekcie maszyny, kt\u00f3re dostarczamy s\u0105 w pe\u0142ni zgodne z oczekiwaniami.<\/p>                        <\/div>\n                      <div class=\"pt-btn-container\">\n                        <div class=\"pt-button-block\">\n                            <a class=\"pt-button pt-btn-flat\" href=\"http:\/\/wascon.pl\/?page_id=18\">\n                                <span class=\"pt-button-line-left\"><\/span>\n                                <span class=\"text\">Skontaktuj si\u0119<\/span>\n                            <\/a>\n                        <\/div>\n                     <\/div>\n                <\/div>\n                                <div class=\"pt-fancybox-box\">\n                        <div class=\"pt-fancy-media\"><i class=\"far fa-check-circle\"><\/i><span><\/span><\/div>                        <div class=\"pt-fancy-info\">\n                             <h5 class=\"pt-fancy-title\">Wysoka jako\u015b\u0107 realizacji<\/h5>                            <p class=\"pt-fancybox-description\"><p>Dbamy o niezawodno\u015b\u0107 i bezpiecze\u0144stwo maszyn, a tak\u017ce o to, aby nasze maszyny by\u0142y \u0142atwe w obs\u0142udze i serwisie. Stosujemy komponenty renomowanych marek.<\/p>                        <\/div>\n                      <div class=\"pt-btn-container\">\n                        <div class=\"pt-button-block\">\n                            <a class=\"pt-button pt-btn-flat\" href=\"http:\/\/wascon.pl\/?page_id=16\">\n                                <span class=\"pt-button-line-left\"><\/span>\n                                <span class=\"text\">Wi\u0119cej<\/span>\n                            <\/a>\n                        <\/div>\n                     <\/div>\n                <\/div>\n                                <div class=\"pt-fancybox-box\">\n                        <div class=\"pt-fancy-media\"><i class=\"fas fa-rocket\"><\/i><span><\/span><\/div>                        <div class=\"pt-fancy-info\">\n                             <h5 class=\"pt-fancy-title\">Szeroki zakres us\u0142ug<\/h5>                            <p class=\"pt-fancybox-description\"><p>Jeste\u015bmy otwarci na realizacj\u0119 projekt\u00f3w w szerokim zakresie technologii. Nie zamykamy si\u0119 w okre\u015blonym sektorze produkcji.<\/p>                        <\/div>\n                      <div class=\"pt-btn-container\">\n                        <div class=\"pt-button-block\">\n                            <a class=\"pt-button pt-btn-flat\" href=\"http:\/\/wascon.pl\/?page_id=14\">\n                                <span class=\"pt-button-line-left\"><\/span>\n                                <span class=\"text\">Wi\u0119cej<\/span>\n                            <\/a>\n                        <\/div>\n                     <\/div>\n                <\/div>\n                    <\/div>\n<\/div>\n\n\n\t\t<\/div>\n\t\t\t\t<\/div>\n\t\t\t\t\t<\/div>\n\t\t<\/div>\n\t\t\t\t\t\t\t<\/div>\n\t\t<\/section>\n\t\t\t\t<section class=\"elementor-section elementor-top-section elementor-element elementor-element-1a31290 elementor-section-boxed elementor-section-height-default elementor-section-height-default\" data-id=\"1a31290\" data-element_type=\"section\">\n\t\t\t\t\t\t<div class=\"elementor-container elementor-column-gap-default\">\n\t\t\t\t\t<div class=\"elementor-column elementor-col-100 elementor-top-column elementor-element elementor-element-40ff466\" data-id=\"40ff466\" data-element_type=\"column\">\n\t\t\t<div class=\"elementor-widget-wrap\">\n\t\t\t\t\t\t\t\t\t<\/div>\n\t\t<\/div>\n\t\t\t\t\t\t\t<\/div>\n\t\t<\/section>\n\t\t\t\t\t\t<\/div>\n\t\t\t\t\t<\/div>\n\t\t","protected":false},"excerpt":{"rendered":"<p>Co ju\u017c zrobili\u015bmy Czym mo\u017cemy si\u0119 pochwali\u0107 Efektywna wsp\u00f3\u0142praca \u015aci\u015ble wsp\u00f3\u0142pracujemy z klientami na ka\u017cdym etapie realizacji zlecenia. W efekcie maszyny, kt\u00f3re dostarczamy s\u0105 w pe\u0142ni zgodne z oczekiwaniami. Skontaktuj si\u0119 Wysoka jako\u015b\u0107 realizacji Dbamy o niezawodno\u015b\u0107 i bezpiecze\u0144stwo maszyn, a tak\u017ce o to, aby nasze maszyny by\u0142y \u0142atwe w obs\u0142udze i serwisie. Stosujemy komponenty [&hellip;]<\/p>\n","protected":false},"author":2,"featured_media":0,"parent":0,"menu_order":0,"comment_status":"closed","ping_status":"closed","template":"","meta":{"_mi_skip_tracking":false,"footnotes":""},"class_list":["post-52","page","type-page","status-publish","hentry"],"acf":[],"yoast_head":"<!-- This site is optimized with the Yoast SEO plugin v17.9 - https:\/\/yoast.com\/wordpress\/plugins\/seo\/ -->\n<title>WASCON - Automatyka przemys\u0142owa, Robotyka, Konstrukcje maszyn i linii<\/title>\n<meta name=\"description\" content=\"Wascon jest firm\u0105 system integratorsk\u0105 w bran\u017cy Automatyka Przemys\u0142owa. Realizujemy projekty robotyczne, programowanie PLC, Serwonap\u0119dy\" \/>\n<meta name=\"robots\" content=\"index, follow, max-snippet:-1, max-image-preview:large, max-video-preview:-1\" \/>\n<link rel=\"canonical\" href=\"http:\/\/wascon.pl\/\" \/>\n<meta property=\"og:locale\" content=\"pl_PL\" \/>\n<meta property=\"og:type\" content=\"article\" \/>\n<meta property=\"og:title\" content=\"WASCON - Automatyka przemys\u0142owa, Robotyka, Konstrukcje maszyn i linii\" \/>\n<meta property=\"og:description\" content=\"Wascon jest firm\u0105 system integratorsk\u0105 w bran\u017cy Automatyka Przemys\u0142owa. Realizujemy projekty robotyczne, programowanie PLC, Serwonap\u0119dy\" \/>\n<meta property=\"og:url\" content=\"http:\/\/wascon.pl\/\" \/>\n<meta property=\"og:site_name\" content=\"WASCON\" \/>\n<meta property=\"article:modified_time\" content=\"2022-08-23T14:30:10+00:00\" \/>\n<meta name=\"twitter:card\" content=\"summary_large_image\" \/>\n<meta name=\"twitter:label1\" content=\"Szacowany czas czytania\" \/>\n\t<meta name=\"twitter:data1\" content=\"1 minuta\" \/>\n<script type=\"application\/ld+json\" class=\"yoast-schema-graph\">{\"@context\":\"https:\/\/schema.org\",\"@graph\":[{\"@type\":\"WebSite\",\"@id\":\"http:\/\/wascon.pl\/#website\",\"url\":\"http:\/\/wascon.pl\/\",\"name\":\"WASCON\",\"description\":\"Automatyka Przemyslowa\",\"potentialAction\":[{\"@type\":\"SearchAction\",\"target\":{\"@type\":\"EntryPoint\",\"urlTemplate\":\"http:\/\/wascon.pl\/?s={search_term_string}\"},\"query-input\":\"required name=search_term_string\"}],\"inLanguage\":\"pl-PL\"},{\"@type\":\"WebPage\",\"@id\":\"http:\/\/wascon.pl\/#webpage\",\"url\":\"http:\/\/wascon.pl\/\",\"name\":\"WASCON - Automatyka przemys\\u0142owa, Robotyka, Konstrukcje maszyn i linii\",\"isPartOf\":{\"@id\":\"http:\/\/wascon.pl\/#website\"},\"datePublished\":\"2022-01-17T17:06:44+00:00\",\"dateModified\":\"2022-08-23T14:30:10+00:00\",\"description\":\"Wascon jest firm\\u0105 system integratorsk\\u0105 w bran\\u017cy Automatyka Przemys\\u0142owa. Realizujemy projekty robotyczne, programowanie PLC, Serwonap\\u0119dy\",\"breadcrumb\":{\"@id\":\"http:\/\/wascon.pl\/#breadcrumb\"},\"inLanguage\":\"pl-PL\",\"potentialAction\":[{\"@type\":\"ReadAction\",\"target\":[\"http:\/\/wascon.pl\/\"]}]},{\"@type\":\"BreadcrumbList\",\"@id\":\"http:\/\/wascon.pl\/#breadcrumb\",\"itemListElement\":[{\"@type\":\"ListItem\",\"position\":1,\"name\":\"Strona g\\u0142\\u00f3wna\",\"item\":\"http:\/\/wascon.pl\/\"},{\"@type\":\"ListItem\",\"position\":2,\"name\":\"Strona g\\u0142\\u00f3wna\"}]}]}<\/script>\n<!-- \/ Yoast SEO plugin. -->","yoast_head_json":{"title":"WASCON - Automatyka przemys\u0142owa, Robotyka, Konstrukcje maszyn i linii","description":"Wascon jest firm\u0105 system integratorsk\u0105 w bran\u017cy Automatyka Przemys\u0142owa. Realizujemy projekty robotyczne, programowanie PLC, Serwonap\u0119dy","robots":{"index":"index","follow":"follow","max-snippet":"max-snippet:-1","max-image-preview":"max-image-preview:large","max-video-preview":"max-video-preview:-1"},"canonical":"http:\/\/wascon.pl\/","og_locale":"pl_PL","og_type":"article","og_title":"WASCON - Automatyka przemys\u0142owa, Robotyka, Konstrukcje maszyn i linii","og_description":"Wascon jest firm\u0105 system integratorsk\u0105 w bran\u017cy Automatyka Przemys\u0142owa. Realizujemy projekty robotyczne, programowanie PLC, Serwonap\u0119dy","og_url":"http:\/\/wascon.pl\/","og_site_name":"WASCON","article_modified_time":"2022-08-23T14:30:10+00:00","twitter_card":"summary_large_image","twitter_misc":{"Szacowany czas czytania":"1 minuta"},"schema":{"@context":"https:\/\/schema.org","@graph":[{"@type":"WebSite","@id":"http:\/\/wascon.pl\/#website","url":"http:\/\/wascon.pl\/","name":"WASCON","description":"Automatyka Przemyslowa","potentialAction":[{"@type":"SearchAction","target":{"@type":"EntryPoint","urlTemplate":"http:\/\/wascon.pl\/?s={search_term_string}"},"query-input":"required name=search_term_string"}],"inLanguage":"pl-PL"},{"@type":"WebPage","@id":"http:\/\/wascon.pl\/#webpage","url":"http:\/\/wascon.pl\/","name":"WASCON - Automatyka przemys\u0142owa, Robotyka, Konstrukcje maszyn i linii","isPartOf":{"@id":"http:\/\/wascon.pl\/#website"},"datePublished":"2022-01-17T17:06:44+00:00","dateModified":"2022-08-23T14:30:10+00:00","description":"Wascon jest firm\u0105 system integratorsk\u0105 w bran\u017cy Automatyka Przemys\u0142owa. Realizujemy projekty robotyczne, programowanie PLC, Serwonap\u0119dy","breadcrumb":{"@id":"http:\/\/wascon.pl\/#breadcrumb"},"inLanguage":"pl-PL","potentialAction":[{"@type":"ReadAction","target":["http:\/\/wascon.pl\/"]}]},{"@type":"BreadcrumbList","@id":"http:\/\/wascon.pl\/#breadcrumb","itemListElement":[{"@type":"ListItem","position":1,"name":"Strona g\u0142\u00f3wna","item":"http:\/\/wascon.pl\/"},{"@type":"ListItem","position":2,"name":"Strona g\u0142\u00f3wna"}]}]}},"_links":{"self":[{"href":"http:\/\/wascon.pl\/index.php?rest_route=\/wp\/v2\/pages\/52","targetHints":{"allow":["GET"]}}],"collection":[{"href":"http:\/\/wascon.pl\/index.php?rest_route=\/wp\/v2\/pages"}],"about":[{"href":"http:\/\/wascon.pl\/index.php?rest_route=\/wp\/v2\/types\/page"}],"author":[{"embeddable":true,"href":"http:\/\/wascon.pl\/index.php?rest_route=\/wp\/v2\/users\/2"}],"replies":[{"embeddable":true,"href":"http:\/\/wascon.pl\/index.php?rest_route=%2Fwp%2Fv2%2Fcomments&post=52"}],"version-history":[{"count":119,"href":"http:\/\/wascon.pl\/index.php?rest_route=\/wp\/v2\/pages\/52\/revisions"}],"predecessor-version":[{"id":672,"href":"http:\/\/wascon.pl\/index.php?rest_route=\/wp\/v2\/pages\/52\/revisions\/672"}],"wp:attachment":[{"href":"http:\/\/wascon.pl\/index.php?rest_route=%2Fwp%2Fv2%2Fmedia&parent=52"}],"curies":[{"name":"wp","href":"https:\/\/api.w.org\/{rel}","templated":true}]}}